{"id":3,"date":"2023-12-26T21:00:55","date_gmt":"2023-12-26T21:00:55","guid":{"rendered":"http:\/\/themaradonastore.com\/?page_id=3"},"modified":"2024-01-05T23:12:48","modified_gmt":"2024-01-05T23:12:48","slug":"privacy-policy","status":"publish","type":"page","link":"https:\/\/themaradonastore.com\/?page_id=3","title":{"rendered":"Pol\u00edtica de privacidad"},"content":{"rendered":"\n<p>Informaci\u00f3n del Responsable del Tratamiento:<br>El responsable del tratamiento de los datos personales recopilados a trav\u00e9s de<br>este sitio web, &#8220;themaradonastore.com,&#8221; es Textil Pampeana SL, una sociedad<br>espa\u00f1ola con domicilio en Calle Cervantes 16 2E, Las Rozas de Madrid, CP 28231<br>(Madrid) y NIF B72614712.<br>Datos del Responsable en Materia de Protecci\u00f3n de Datos:<br>Puedes contactar al responsable de protecci\u00f3n de datos de Textil Pampeana SL<br>en la siguiente direcci\u00f3n de correo electr\u00f3nico: [correo electr\u00f3nico del responsable<br>de protecci\u00f3n de datos].<br>Informaci\u00f3n sobre la Finalidad del Tratamiento:<br>Los datos personales recopilados a trav\u00e9s de este sitio web se utilizan con el<br>prop\u00f3sito de:<br>\uf0b7 Gestionar y procesar pedidos y transacciones.<br>\uf0b7 Proporcionar informaci\u00f3n sobre productos y servicios.<br>\uf0b7 Responder a consultas y solicitudes.<br>\uf0b7 Personalizar la experiencia del usuario.<br>\uf0b7 Enviar comunicaciones de Marketing (previo consentimiento).<br>\uf0b7 Cumplir con las obligaciones legales y regulatorias.<\/p>\n\n\n\n<p>Terceros Destinatarios de los Datos Personales:<br>En algunos casos, los datos personales pueden ser compartidos con terceros, como<br>proveedores de servicios de log\u00edstica y procesamiento de pagos, con el fin de<br>cumplir con los fines establecidos anteriormente. Textil Pampeana SL garantiza que<br>estos terceros cumplen con las regulaciones de protecci\u00f3n de datos.<br>Transferencias Internacionales:<br>Los datos personales pueden ser transferidos a pa\u00edses fuera de la Uni\u00f3n Europea<br>en el cumplimiento de nuestros prop\u00f3sitos. Textil Pampeana SL asegura que estas<br>transferencias se realizan de acuerdo con las regulaciones de protecci\u00f3n de datos<br>aplicables.<br>Plazo de Conservaci\u00f3n:<br>Los datos personales se conservar\u00e1n durante el tiempo necesario para cumplir con<br>los fines para los que fueron recopilados, a menos que se solicite su eliminaci\u00f3n<br>antes de ese plazo.<\/p>\n\n\n\n<p>Derechos ARCO (Acceso, Rectificaci\u00f3n, Cancelaci\u00f3n y Oposici\u00f3n):<br>Los usuarios tienen el derecho de acceder, rectificar, cancelar y oponerse al<br>tratamiento de sus datos personales. Para ejercer estos derechos, los usuarios<br>pueden ponerse en contacto con el responsable de protecci\u00f3n de datos de Textil<br>Pampeana SL<\/p>\n\n\n\n<p>Decisiones Individuales Automatizadas:<br>No se tomar\u00e1n decisiones individuales automatizadas que tengan un efecto legal o<br>significativo en los usuarios basadas \u00fanicamente en el tratamiento automatizado de<br>sus datos personales.<\/p>\n","protected":false},"excerpt":{"rendered":"<p>Informaci\u00f3n del Responsable del Tratamiento:El responsable del tratamiento de los datos personales recopilados a trav\u00e9s deeste sitio web, &#8220;themaradonastore.com,&#8221; es Textil Pampeana SL, una sociedadespa\u00f1ola con domicilio en Calle Cervantes 16 2E, Las Rozas de Madrid, CP 28231(Madrid) y NIF B72614712.Datos del Responsable en Materia de Protecci\u00f3n de Datos:Puedes contactar al responsable de protecci\u00f3n de&#8230;<\/p>\n","protected":false},"author":1,"featured_media":0,"parent":0,"menu_order":0,"comment_status":"closed","ping_status":"closed","template":"","meta":{"om_disable_all_campaigns":false,"_monsterinsights_skip_tracking":false,"_monsterinsights_sitenote_active":false,"_monsterinsights_sitenote_note":"","_monsterinsights_sitenote_category":0,"_uf_show_specific_survey":0,"_uf_disable_surveys":false,"_kad_post_transparent":"","_kad_post_title":"","_kad_post_layout":"","_kad_post_sidebar_id":"","_kad_post_content_style":"","_kad_post_vertical_padding":"","_kad_post_feature":"","_kad_post_feature_position":"","_kad_post_header":false,"_kad_post_footer":false,"footnotes":""},"class_list":["post-3","page","type-page","status-publish","hentry"],"aioseo_notices":[],"_links":{"self":[{"href":"https:\/\/themaradonastore.com\/index.php?rest_route=\/wp\/v2\/pages\/3","targetHints":{"allow":["GET"]}}],"collection":[{"href":"https:\/\/themaradonastore.com\/index.php?rest_route=\/wp\/v2\/pages"}],"about":[{"href":"https:\/\/themaradonastore.com\/index.php?rest_route=\/wp\/v2\/types\/page"}],"author":[{"embeddable":true,"href":"https:\/\/themaradonastore.com\/index.php?rest_route=\/wp\/v2\/users\/1"}],"replies":[{"embeddable":true,"href":"https:\/\/themaradonastore.com\/index.php?rest_route=%2Fwp%2Fv2%2Fcomments&post=3"}],"version-history":[{"count":0,"href":"https:\/\/themaradonastore.com\/index.php?rest_route=\/wp\/v2\/pages\/3\/revisions"}],"wp:attachment":[{"href":"https:\/\/themaradonastore.com\/index.php?rest_route=%2Fwp%2Fv2%2Fmedia&parent=3"}],"curies":[{"name":"wp","href":"https:\/\/api.w.org\/{rel}","templated":true}]}}