{"id":31,"date":"2023-12-27T02:41:47","date_gmt":"2023-12-27T02:41:47","guid":{"rendered":"https:\/\/themaradonastore.com\/?page_id=31"},"modified":"2024-01-31T13:53:54","modified_gmt":"2024-01-31T13:53:54","slug":"colecciones","status":"publish","type":"page","link":"https:\/\/themaradonastore.com\/?page_id=31","title":{"rendered":"Colecciones"},"content":{"rendered":"\n<figure class=\"wp-block-gallery has-nested-images columns-default is-cropped wp-block-gallery-1 is-layout-flex wp-block-gallery-is-layout-flex\">\n<figure class=\"wp-block-image size-large\"><img fetchpriority=\"high\" decoding=\"async\" width=\"669\" height=\"1024\" data-id=\"182\" src=\"https:\/\/themaradonastore.com\/wp-content\/uploads\/2023\/12\/VLP_6019-669x1024.jpg\" alt=\"\" class=\"wp-image-182\" srcset=\"https:\/\/themaradonastore.com\/wp-content\/uploads\/2023\/12\/VLP_6019-669x1024.jpg 669w, https:\/\/themaradonastore.com\/wp-content\/uploads\/2023\/12\/VLP_6019-scaled-600x919.jpg 600w, https:\/\/themaradonastore.com\/wp-content\/uploads\/2023\/12\/VLP_6019-196x300.jpg 196w, https:\/\/themaradonastore.com\/wp-content\/uploads\/2023\/12\/VLP_6019-768x1176.jpg 768w, https:\/\/themaradonastore.com\/wp-content\/uploads\/2023\/12\/VLP_6019-1003x1536.jpg 1003w, https:\/\/themaradonastore.com\/wp-content\/uploads\/2023\/12\/VLP_6019-1338x2048.jpg 1338w, https:\/\/themaradonastore.com\/wp-content\/uploads\/2023\/12\/VLP_6019-scaled.jpg 1672w\" sizes=\"(max-width: 669px) 100vw, 669px\" \/><\/figure>\n\n\n\n<figure class=\"wp-block-image size-large\"><img decoding=\"async\" width=\"576\" height=\"1024\" data-id=\"124\" src=\"https:\/\/themaradonastore.com\/wp-content\/uploads\/2023\/12\/7.-Portada-Productos-576x1024.png\" alt=\"\" class=\"wp-image-124\" srcset=\"https:\/\/themaradonastore.com\/wp-content\/uploads\/2023\/12\/7.-Portada-Productos-576x1024.png 576w, https:\/\/themaradonastore.com\/wp-content\/uploads\/2023\/12\/7.-Portada-Productos-600x1067.png 600w, https:\/\/themaradonastore.com\/wp-content\/uploads\/2023\/12\/7.-Portada-Productos-169x300.png 169w, https:\/\/themaradonastore.com\/wp-content\/uploads\/2023\/12\/7.-Portada-Productos-768x1365.png 768w, https:\/\/themaradonastore.com\/wp-content\/uploads\/2023\/12\/7.-Portada-Productos-864x1536.png 864w, https:\/\/themaradonastore.com\/wp-content\/uploads\/2023\/12\/7.-Portada-Productos.png 1080w\" sizes=\"(max-width: 576px) 100vw, 576px\" \/><\/figure>\n\n\n\n<figure class=\"wp-block-image size-large\"><img decoding=\"async\" width=\"675\" height=\"1024\" data-id=\"181\" src=\"https:\/\/themaradonastore.com\/wp-content\/uploads\/2023\/12\/VLP_5689-675x1024.jpg\" alt=\"\" class=\"wp-image-181\" srcset=\"https:\/\/themaradonastore.com\/wp-content\/uploads\/2023\/12\/VLP_5689-675x1024.jpg 675w, https:\/\/themaradonastore.com\/wp-content\/uploads\/2023\/12\/VLP_5689-scaled-600x910.jpg 600w, https:\/\/themaradonastore.com\/wp-content\/uploads\/2023\/12\/VLP_5689-198x300.jpg 198w, https:\/\/themaradonastore.com\/wp-content\/uploads\/2023\/12\/VLP_5689-768x1166.jpg 768w, https:\/\/themaradonastore.com\/wp-content\/uploads\/2023\/12\/VLP_5689-1012x1536.jpg 1012w, https:\/\/themaradonastore.com\/wp-content\/uploads\/2023\/12\/VLP_5689-1349x2048.jpg 1349w, https:\/\/themaradonastore.com\/wp-content\/uploads\/2023\/12\/VLP_5689-scaled.jpg 1687w\" sizes=\"(max-width: 675px) 100vw, 675px\" \/><\/figure>\n\n\n\n<figure class=\"wp-block-image size-large\"><img loading=\"lazy\" decoding=\"async\" width=\"1024\" height=\"966\" data-id=\"178\" src=\"https:\/\/themaradonastore.com\/wp-content\/uploads\/2023\/12\/VLP_6140-1-1024x966.jpg\" alt=\"\" class=\"wp-image-178\" srcset=\"https:\/\/themaradonastore.com\/wp-content\/uploads\/2023\/12\/VLP_6140-1-1024x966.jpg 1024w, https:\/\/themaradonastore.com\/wp-content\/uploads\/2023\/12\/VLP_6140-1-scaled-600x566.jpg 600w, https:\/\/themaradonastore.com\/wp-content\/uploads\/2023\/12\/VLP_6140-1-300x283.jpg 300w, https:\/\/themaradonastore.com\/wp-content\/uploads\/2023\/12\/VLP_6140-1-768x724.jpg 768w, https:\/\/themaradonastore.com\/wp-content\/uploads\/2023\/12\/VLP_6140-1-1536x1449.jpg 1536w, https:\/\/themaradonastore.com\/wp-content\/uploads\/2023\/12\/VLP_6140-1-2048x1932.jpg 2048w\" sizes=\"(max-width: 1024px) 100vw, 1024px\" \/><\/figure>\n<\/figure>\n\n\n\n<div class=\"wp-block-columns is-layout-flex wp-container-core-columns-is-layout-1 wp-block-columns-is-layout-flex\">\n<div class=\"wp-block-column is-layout-flow wp-block-column-is-layout-flow\">\n<p><strong>COLECCI\u00d3N 1984<\/strong><\/p>\n\n\n\n<figure class=\"wp-block-image size-full\"><img loading=\"lazy\" decoding=\"async\" width=\"619\" height=\"570\" src=\"https:\/\/themaradonastore.com\/wp-content\/uploads\/2023\/12\/1984-1.png\" alt=\"\" class=\"wp-image-173\" srcset=\"https:\/\/themaradonastore.com\/wp-content\/uploads\/2023\/12\/1984-1.png 619w, https:\/\/themaradonastore.com\/wp-content\/uploads\/2023\/12\/1984-1-600x553.png 600w, https:\/\/themaradonastore.com\/wp-content\/uploads\/2023\/12\/1984-1-300x276.png 300w\" sizes=\"(max-width: 619px) 100vw, 619px\" \/><\/figure>\n\n\n\n<p>A\u00f1o en el que Maradona aterriz\u00f3 en N\u00e1poles y cambi\u00f3 el destino del club para siempre. La primera colecci\u00f3n de D10S M10 se inspira en el estilo napolitano, capturando la pasi\u00f3n y el alma de la ciudad en cada prenda.<\/p>\n\n\n\n<div class=\"wp-block-buttons is-layout-flex wp-block-buttons-is-layout-flex\">\n<div class=\"wp-block-button\"><a class=\"wp-block-button__link wp-element-button\" href=\"https:\/\/themaradonastore.com\/?page_id=219\" target=\"_blank\" rel=\"noreferrer noopener\">ver mas<\/a><\/div>\n<\/div>\n<\/div>\n\n\n\n<div class=\"wp-block-column is-layout-flow wp-block-column-is-layout-flow\">\n<p><strong>COLECCI\u00d3N 2018<\/strong><\/p>\n\n\n\n<figure class=\"wp-block-image size-full\"><img loading=\"lazy\" decoding=\"async\" width=\"606\" height=\"552\" src=\"https:\/\/themaradonastore.com\/wp-content\/uploads\/2023\/12\/2018-1.png\" alt=\"\" class=\"wp-image-174\" srcset=\"https:\/\/themaradonastore.com\/wp-content\/uploads\/2023\/12\/2018-1.png 606w, https:\/\/themaradonastore.com\/wp-content\/uploads\/2023\/12\/2018-1-600x547.png 600w, https:\/\/themaradonastore.com\/wp-content\/uploads\/2023\/12\/2018-1-300x273.png 300w\" sizes=\"(max-width: 606px) 100vw, 606px\" \/><\/figure>\n\n\n\n<p>Los colores dorado y negro son sin\u00f3nimo de gloria en el mundo del f\u00fatbol. Esta colecci\u00f3n rinde homenaje a su carrera dorada y le hace un gui\u00f1o a su breve pero intensa estad\u00eda en el banquillo de los Dorados de Culiac\u00e1n.<\/p>\n\n\n\n<div class=\"wp-block-buttons is-layout-flex wp-block-buttons-is-layout-flex\">\n<div class=\"wp-block-button\"><a class=\"wp-block-button__link wp-element-button\" href=\"https:\/\/themaradonastore.com\/?page_id=185\" target=\"_blank\" rel=\"noreferrer noopener\">ver mas<\/a><\/div>\n<\/div>\n<\/div>\n<\/div>\n","protected":false},"excerpt":{"rendered":"<p>COLECCI\u00d3N 1984 A\u00f1o en el que Maradona aterriz\u00f3 en N\u00e1poles y cambi\u00f3 el destino del club para siempre. La primera colecci\u00f3n de D10S M10 se inspira en el estilo napolitano, capturando la pasi\u00f3n y el alma de la ciudad en cada prenda. COLECCI\u00d3N 2018 Los colores dorado y negro son sin\u00f3nimo de gloria en el&#8230;<\/p>\n","protected":false},"author":1,"featured_media":0,"parent":0,"menu_order":0,"comment_status":"closed","ping_status":"closed","template":"","meta":{"om_disable_all_campaigns":false,"_monsterinsights_skip_tracking":false,"_monsterinsights_sitenote_active":false,"_monsterinsights_sitenote_note":"","_monsterinsights_sitenote_category":0,"_uf_show_specific_survey":0,"_uf_disable_surveys":false,"_kad_post_transparent":"","_kad_post_title":"","_kad_post_layout":"","_kad_post_sidebar_id":"","_kad_post_content_style":"","_kad_post_vertical_padding":"","_kad_post_feature":"","_kad_post_feature_position":"","_kad_post_header":false,"_kad_post_footer":false,"footnotes":""},"class_list":["post-31","page","type-page","status-publish","hentry"],"aioseo_notices":[],"_links":{"self":[{"href":"https:\/\/themaradonastore.com\/index.php?rest_route=\/wp\/v2\/pages\/31","targetHints":{"allow":["GET"]}}],"collection":[{"href":"https:\/\/themaradonastore.com\/index.php?rest_route=\/wp\/v2\/pages"}],"about":[{"href":"https:\/\/themaradonastore.com\/index.php?rest_route=\/wp\/v2\/types\/page"}],"author":[{"embeddable":true,"href":"https:\/\/themaradonastore.com\/index.php?rest_route=\/wp\/v2\/users\/1"}],"replies":[{"embeddable":true,"href":"https:\/\/themaradonastore.com\/index.php?rest_route=%2Fwp%2Fv2%2Fcomments&post=31"}],"version-history":[{"count":0,"href":"https:\/\/themaradonastore.com\/index.php?rest_route=\/wp\/v2\/pages\/31\/revisions"}],"wp:attachment":[{"href":"https:\/\/themaradonastore.com\/index.php?rest_route=%2Fwp%2Fv2%2Fmedia&parent=31"}],"curies":[{"name":"wp","href":"https:\/\/api.w.org\/{rel}","templated":true}]}}