{"id":323,"date":"2024-01-05T22:53:55","date_gmt":"2024-01-05T22:53:55","guid":{"rendered":"https:\/\/themaradonastore.com\/?page_id=323"},"modified":"2024-01-05T22:55:48","modified_gmt":"2024-01-05T22:55:48","slug":"reembolso_devoluciones","status":"publish","type":"page","link":"https:\/\/themaradonastore.com\/?page_id=323","title":{"rendered":"Pol\u00edtica de devoluciones y reembolsos"},"content":{"rendered":"\n<h3 class=\"wp-block-heading\">Si realizaste una compra en\u00a0TheMaradonaStore y queres devolver tu producto, a continuaci\u00f3n te contamos c\u00f3mo:<\/h3>\n\n\n\n<p>Si realizaste una compra en\u00a0www.themaradonastore tenes hasta 15 d\u00edas para realizar una devoluci\u00f3n desde el d\u00eda que recibiste tu pedido. No se podr\u00e1n devolver productos que hayan sido adquiridos en otro sitio de compras. Si adquiriste en producto en un local, por favor ac\u00e9rcate al mismo para iniciar la devoluci\u00f3n, ya que sus pol\u00edticas de devoluci\u00f3n pueden diferir de las nuestras. Los productos deben conservar todas las etiquetas y estar en perfecto estado.<\/p>\n\n\n\n<p>Si compraste en este sitio ten\u00e9 a mano el numero de pedido que te fue asignado cuando efectuaste la compra (lo vas a haber recibido en tu mail) y env\u00eda un mail a mercadolibre@d10sm10.com desde tu mail de compra (usuario) e indica all\u00ed el motivo de la devoluci\u00f3n. All\u00ed mismo se puede adjuntar informaci\u00f3n o im\u00e1genes que reflejen el inconveniente que motiva. Si el motivo es que el producto presenta alguna falla de fabrica ten\u00e9s 6 meses de garant\u00eda as\u00ed que no dudes en escribirnos. Te contestaremos el mail con un numero de reclamo. El mismo deber\u00e1 imprimirse en un tama\u00f1o no menor a 10&#215;50 cm y adherir firmemente al paquete que devuelvas. Tenes que embalar la mercader\u00eda en un envase semejante al que lo recibiste, respetando calidades de packaging y protecci\u00f3n para asegurar que llegue en optimas condiciones. En caso de reutilizar el embalaje original elimina toda identificaci\u00f3n previa y solo conserva el numero asignado y cerr\u00e1 correctamente el envase. No se aceptaran envases rotos o que no cumplan estas condiciones. <\/p>\n\n\n\n<p>Una vez recibida la devoluci\u00f3n ser\u00e1 evaluada por el departamento de control de calidad y de estar todo ok, se iniciara el proceso de gesti\u00f3n del reembolso momento en el que se te comunicara el hecho al mismo mail. La devoluci\u00f3n de tu dinero depende de la entidad financiera de tu tarjeta y puede retrasarse hasta 30 d\u00edas h\u00e1biles. Si en ese plazo aun no has recibido tu dinero, avisanos e intentaremos ayudarte a agilizar y seguir el proceso. <\/p>\n\n\n\n<p>El monto que recibir\u00e1s ser\u00e1 el abona en forma completa por el producto devuelto, en caso de haber pagado en cuotas, es tu banco quien determina la modalidad de devoluci\u00f3n.  <\/p>\n\n\n\n<p><\/p>\n","protected":false},"excerpt":{"rendered":"<p>Si realizaste una compra en\u00a0TheMaradonaStore y queres devolver tu producto, a continuaci\u00f3n te contamos c\u00f3mo: Si realizaste una compra en\u00a0www.themaradonastore tenes hasta 15 d\u00edas para realizar una devoluci\u00f3n desde el d\u00eda que recibiste tu pedido. No se podr\u00e1n devolver productos que hayan sido adquiridos en otro sitio de compras. Si adquiriste en producto en un&#8230;<\/p>\n","protected":false},"author":1,"featured_media":0,"parent":0,"menu_order":0,"comment_status":"closed","ping_status":"closed","template":"","meta":{"om_disable_all_campaigns":false,"_monsterinsights_skip_tracking":false,"_monsterinsights_sitenote_active":false,"_monsterinsights_sitenote_note":"","_monsterinsights_sitenote_category":0,"_uf_show_specific_survey":0,"_uf_disable_surveys":false,"_kad_post_transparent":"","_kad_post_title":"","_kad_post_layout":"","_kad_post_sidebar_id":"","_kad_post_content_style":"","_kad_post_vertical_padding":"","_kad_post_feature":"","_kad_post_feature_position":"","_kad_post_header":false,"_kad_post_footer":false,"footnotes":""},"class_list":["post-323","page","type-page","status-publish","hentry"],"aioseo_notices":[],"_links":{"self":[{"href":"https:\/\/themaradonastore.com\/index.php?rest_route=\/wp\/v2\/pages\/323","targetHints":{"allow":["GET"]}}],"collection":[{"href":"https:\/\/themaradonastore.com\/index.php?rest_route=\/wp\/v2\/pages"}],"about":[{"href":"https:\/\/themaradonastore.com\/index.php?rest_route=\/wp\/v2\/types\/page"}],"author":[{"embeddable":true,"href":"https:\/\/themaradonastore.com\/index.php?rest_route=\/wp\/v2\/users\/1"}],"replies":[{"embeddable":true,"href":"https:\/\/themaradonastore.com\/index.php?rest_route=%2Fwp%2Fv2%2Fcomments&post=323"}],"version-history":[{"count":0,"href":"https:\/\/themaradonastore.com\/index.php?rest_route=\/wp\/v2\/pages\/323\/revisions"}],"wp:attachment":[{"href":"https:\/\/themaradonastore.com\/index.php?rest_route=%2Fwp%2Fv2%2Fmedia&parent=323"}],"curies":[{"name":"wp","href":"https:\/\/api.w.org\/{rel}","templated":true}]}}