{"id":1007,"date":"2023-12-29T23:10:26","date_gmt":"2023-12-29T23:10:26","guid":{"rendered":"https:\/\/themaradonastore.com\/?post_type=product&#038;p=1007"},"modified":"2024-11-04T13:15:54","modified_gmt":"2024-11-04T13:15:54","slug":"zapa-urbana","status":"publish","type":"product","link":"https:\/\/themaradonastore.com\/?product=zapa-urbana","title":{"rendered":"ROMPEVIENTOS OVER SIZE &#8211; MARADONA | COLECCI\u00d3N 2018"},"content":{"rendered":"\n<p>MODELO CONMEMORATIVO &#8211; COLECCION 2018 Los colores dorado y negro son sin\u00f3nimo de gloria en el mundo del f\u00fatbol. Esta colecci\u00f3n rinde homenaje a su carrera de Oro y le hace un gui\u00f1o a su breve pero intensa estad\u00eda en el banquillo de los Dorados de Culiac\u00e1n.<br>DE CALIDAD INTERNACIONAL &#8211; HECHA EN ARGENTINA PARA EL MUNDO (COMO EL DIEGO)<\/p>\n\n\n\n<p>TELA PONGEE, TPU TECNICO <\/p>\n\n\n\n<p>Realizado con la mayor calidad en telas, tiene la propiedad de protecci\u00f3n UV, un secado r\u00e1pido e Impermeabilidad, sin perder Flexibilidad, a su vez tiene la caracter\u00edstica de ser antiest\u00e1tico. <\/p>\n\n\n\n<p>Propiedades: Flexibilidad, antiest\u00e1tico, impermeable, Rompevientos y Secado Rapido.<\/p>\n\n\n\n<p>Selecciona tu talle revisando las m\u00e9tricas de la tabla de talles que figura en las im\u00e1genes<\/p>\n\n\n\n<p class=\"has-extra-small-font-size\">PRODUCTO OFICIAL &#8211; MARADONA OFFICIAL BRAND &#8211; con grifa estampada interior y carton con codigo de barras SKU &#8211; En bolsa cristal con solapa autoadherible con logos maradona impresos &#8211; bulto de 0.45Kg tama\u00f1o 37x27x1cm<\/p>\n","protected":false},"excerpt":{"rendered":"<p><strong>ROMPEVIENTOS OVER SIZE<\/strong><br \/>Proteccion UV-Impermiabilidad-Anti estatico-Flexibilidad<\/p>\n","protected":false},"featured_media":3044,"comment_status":"open","ping_status":"closed","template":"","meta":{"om_disable_all_campaigns":false,"_monsterinsights_skip_tracking":false,"_monsterinsights_sitenote_active":false,"_monsterinsights_sitenote_note":"","_monsterinsights_sitenote_category":0,"_uf_show_specific_survey":0,"_uf_disable_surveys":false,"_kad_post_transparent":"","_kad_post_title":"","_kad_post_layout":"","_kad_post_sidebar_id":"","_kad_post_content_style":"","_kad_post_vertical_padding":"","_kad_post_feature":"","_kad_post_feature_position":"","_kad_post_header":false,"_kad_post_footer":false},"product_brand":[],"product_cat":[61,53,52,51],"product_tag":[142,99,100,40,158,109,39,143,73,164,159,160,98,154,60],"class_list":{"0":"post-1007","1":"product","2":"type-product","3":"status-publish","4":"has-post-thumbnail","6":"product_cat-urbana","7":"product_cat-indumentaria","8":"product_cat-producto","9":"product_cat-universo-d10s","10":"product_tag-abrigo","11":"product_tag-campera","12":"product_tag-coleccion-2018","13":"product_tag-deporte","14":"product_tag-golden","15":"product_tag-hombre","16":"product_tag-indumentaria","17":"product_tag-lluvia","18":"product_tag-maradona","19":"product_tag-negra","20":"product_tag-negro","21":"product_tag-oversize","22":"product_tag-rompevientos","23":"product_tag-urbana","24":"product_tag-urbano","26":"first","27":"instock","28":"sale","29":"taxable","30":"shipping-taxable","31":"purchasable","32":"product-type-variable","33":"entry","34":"content-bg","35":"loop-entry"},"aioseo_notices":[],"_links":{"self":[{"href":"https:\/\/themaradonastore.com\/index.php?rest_route=\/wp\/v2\/product\/1007","targetHints":{"allow":["GET"]}}],"collection":[{"href":"https:\/\/themaradonastore.com\/index.php?rest_route=\/wp\/v2\/product"}],"about":[{"href":"https:\/\/themaradonastore.com\/index.php?rest_route=\/wp\/v2\/types\/product"}],"replies":[{"embeddable":true,"href":"https:\/\/themaradonastore.com\/index.php?rest_route=%2Fwp%2Fv2%2Fcomments&post=1007"}],"wp:featuredmedia":[{"embeddable":true,"href":"https:\/\/themaradonastore.com\/index.php?rest_route=\/wp\/v2\/media\/3044"}],"wp:attachment":[{"href":"https:\/\/themaradonastore.com\/index.php?rest_route=%2Fwp%2Fv2%2Fmedia&parent=1007"}],"wp:term":[{"taxonomy":"product_brand","embeddable":true,"href":"https:\/\/themaradonastore.com\/index.php?rest_route=%2Fwp%2Fv2%2Fproduct_brand&post=1007"},{"taxonomy":"product_cat","embeddable":true,"href":"https:\/\/themaradonastore.com\/index.php?rest_route=%2Fwp%2Fv2%2Fproduct_cat&post=1007"},{"taxonomy":"product_tag","embeddable":true,"href":"https:\/\/themaradonastore.com\/index.php?rest_route=%2Fwp%2Fv2%2Fproduct_tag&post=1007"}],"curies":[{"name":"wp","href":"https:\/\/api.w.org\/{rel}","templated":true}]}}