{"id":1015,"date":"2023-12-29T23:11:53","date_gmt":"2023-12-29T23:11:53","guid":{"rendered":"https:\/\/themaradonastore.com\/?post_type=product&#038;p=1015"},"modified":"2025-02-07T14:06:34","modified_gmt":"2025-02-07T14:06:34","slug":"top-entrenamiento","status":"publish","type":"product","link":"https:\/\/themaradonastore.com\/?product=top-entrenamiento","title":{"rendered":"SHORT MUSLERA &#8211; MARADONA | COLECCI\u00d3N 2018"},"content":{"rendered":"\n<p>MODELO CONMEMORATIVO &#8211; COLECCION 2018 GOLDEN &nbsp;Los colores dorado y negro son sin\u00f3nimo de gloria en el mundo del f\u00fatbol. Esta colecci\u00f3n rinde homenaje a su carrera de Oro y le hace un gui\u00f1o a su breve pero intensa estad\u00eda en el banquillo de los Dorados de Culiac\u00e1n.&nbsp;&nbsp;<\/p>\n\n\n\n<p>Short deportivo confeccionado en microfibra elastizada con Spandex y calza incorporada fabricada en Lycra liviana. Cintura de el\u00e1stico afelpado de 4 cm. Bolsillo delantero y porta celular + porta toalla, la calza liviana permite un entrenamiento activo evitando lesiones de piel en la zona de la ingle<\/p>\n\n\n\n<p style=\"font-size:18px\">El\u00e1stico Negro afelpado, con la identificaci\u00f3n del Astro a lo largo.<strong> *<\/strong><\/p>\n\n\n\n<p style=\"font-size:18px\">Propiedades: elasticidad y confort,  Secado R\u00e1pido, Absorci\u00f3n de Humedad.<\/p>\n\n\n\n<p>TELA MICROFIBRA elastizada con Spandex + Calza interna de microfibra con lycra liviana<\/p>\n\n\n\n<p>Selecciona tu talle revisando las m\u00e9tricas de la tabla de talles que figura en las im\u00e1genes<\/p>\n\n\n\n<p>SHORT DE CALIDAD INTERNACIONAL &#8211; HECHA EN ARGENTINA PARA EL MUNDO (COMO EL DIEGO)<\/p>\n\n\n\n<p class=\"has-extra-small-font-size\">PRODUCTO OFICIAL &#8211; MARADONA OFFICIAL BRAND &#8211; con grifa estampada interior y carton con codigo de barras SKU &#8211; En bolsa cristal con solapa autoadherible con logos Maradona impresos &#8211; bulto de 0.31Kg tama\u00f1o 33x22x1cm<\/p>\n\n\n\n<p>*El dorso puede no finalizar con el texto completo.<\/p>\n","protected":false},"excerpt":{"rendered":"<p><strong>SHORT CON MUSLERA <\/strong><br \/>Bolsillo Porta Celular-Secado R\u00e1pido-Absorci\u00f3n de Humedad<\/p>\n","protected":false},"featured_media":3049,"comment_status":"open","ping_status":"closed","template":"","meta":{"om_disable_all_campaigns":false,"_monsterinsights_skip_tracking":false,"_monsterinsights_sitenote_active":false,"_monsterinsights_sitenote_note":"","_monsterinsights_sitenote_category":0,"_uf_show_specific_survey":0,"_uf_disable_surveys":false,"_kad_post_transparent":"","_kad_post_title":"","_kad_post_layout":"","_kad_post_sidebar_id":"","_kad_post_content_style":"","_kad_post_vertical_padding":"","_kad_post_feature":"","_kad_post_feature_position":"","_kad_post_header":false,"_kad_post_footer":false},"product_brand":[],"product_cat":[62,97,61,303,302,53,52,51],"product_tag":[100,40,168,65,41,158,109,39,73,216,164,159,133,139],"class_list":{"0":"post-1015","1":"product","2":"type-product","3":"status-publish","4":"has-post-thumbnail","6":"product_cat-entrenamiento","7":"product_cat-short","8":"product_cat-urbana","9":"product_cat-303","10":"product_cat-colecciones-de-futbol","11":"product_cat-indumentaria","12":"product_cat-producto","13":"product_cat-universo-d10s","14":"product_tag-coleccion-2018","15":"product_tag-deporte","16":"product_tag-deportiva","17":"product_tag-entrenamiento","18":"product_tag-futbol","19":"product_tag-golden","20":"product_tag-hombre","21":"product_tag-indumentaria","22":"product_tag-maradona","23":"product_tag-muslera","24":"product_tag-negra","25":"product_tag-negro","26":"product_tag-pantalon","27":"product_tag-short","29":"first","30":"instock","31":"sale","32":"taxable","33":"shipping-taxable","34":"purchasable","35":"product-type-variable","36":"entry","37":"content-bg","38":"loop-entry"},"aioseo_notices":[],"_links":{"self":[{"href":"https:\/\/themaradonastore.com\/index.php?rest_route=\/wp\/v2\/product\/1015","targetHints":{"allow":["GET"]}}],"collection":[{"href":"https:\/\/themaradonastore.com\/index.php?rest_route=\/wp\/v2\/product"}],"about":[{"href":"https:\/\/themaradonastore.com\/index.php?rest_route=\/wp\/v2\/types\/product"}],"replies":[{"embeddable":true,"href":"https:\/\/themaradonastore.com\/index.php?rest_route=%2Fwp%2Fv2%2Fcomments&post=1015"}],"wp:featuredmedia":[{"embeddable":true,"href":"https:\/\/themaradonastore.com\/index.php?rest_route=\/wp\/v2\/media\/3049"}],"wp:attachment":[{"href":"https:\/\/themaradonastore.com\/index.php?rest_route=%2Fwp%2Fv2%2Fmedia&parent=1015"}],"wp:term":[{"taxonomy":"product_brand","embeddable":true,"href":"https:\/\/themaradonastore.com\/index.php?rest_route=%2Fwp%2Fv2%2Fproduct_brand&post=1015"},{"taxonomy":"product_cat","embeddable":true,"href":"https:\/\/themaradonastore.com\/index.php?rest_route=%2Fwp%2Fv2%2Fproduct_cat&post=1015"},{"taxonomy":"product_tag","embeddable":true,"href":"https:\/\/themaradonastore.com\/index.php?rest_route=%2Fwp%2Fv2%2Fproduct_tag&post=1015"}],"curies":[{"name":"wp","href":"https:\/\/api.w.org\/{rel}","templated":true}]}}