{"id":1872,"date":"2024-01-03T17:50:50","date_gmt":"2024-01-03T17:50:50","guid":{"rendered":"https:\/\/themaradonastore.com\/?post_type=product&#038;p=1872"},"modified":"2025-02-07T14:06:27","modified_gmt":"2025-02-07T14:06:27","slug":"camiseta-royal-coleccion-2018-golden-maradona","status":"publish","type":"product","link":"https:\/\/themaradonastore.com\/?product=camiseta-royal-coleccion-2018-golden-maradona","title":{"rendered":"CAMISETA DE FUTBOL  ROYAL &#8211; MARADONA | COLECCI\u00d3N 2018"},"content":{"rendered":"\n<p>MODELO CONMEMORATIVO ROYAL &#8211; COLECCION 2018 . Los colores dorado y negro son sin\u00f3nimo de gloria en el mundo del f\u00fatbol. Esta colecci\u00f3n rinde homenaje a su carrera dorada y le hace un gui\u00f1o a su breve pero intensa estad\u00eda en el banquillo de los Dorados de Culiac\u00e1n.\u00a0\u00a0<br><br>TELA LYCRA CON MICROFIBRA SUBLIMADA, DRY FIT Y RIBB TEJIDO<\/p>\n\n\n\n<p>Lycra de gran confort, respirable, regula la temperatura corporal, con laterales y espalda en Dry Fit al tono que aseguran que la prenda evapore la transpiracion con mayor facilidad dando una mejor sensacion de frescura.<\/p>\n\n\n\n<p>Cuellos y mangas tejidos en color dorado para darle un toque de distinci\u00f3n \u00fanico<\/p>\n\n\n\n<p>Dorso ventilado, combinando cuello y centro de espalda dryfit y resto en lycra con la firma del 10 sublimada. Espalda de mayor longitud que la seccion delantera para darle a usuario una mejor experiencia en el uso en movimiento.<\/p>\n\n\n\n<p>Laterales combinados Dryfit y lycra<\/p>\n\n\n\n<p>Propiedades: elasticidad y confort, no transparenta, Anti-Pilling, Resistencia y Adherencia.<\/p>\n\n\n\n<p>Selecciona tu talle revisando las m\u00e9tricas de la tabla de talles que figura en las im\u00e1genes<\/p>\n\n\n\n<p>CAMISETA DE CALIDAD INTERNACIONAL &#8211; HECHA EN ARGENTINA PARA EL MUNDO (COMO EL DIEGO)<\/p>\n\n\n\n<p class=\"has-extra-small-font-size\">PRODUCTO OFICIAL &#8211; MARADONA OFFICIAL BRAND &#8211; con grifa estampada interior y carton con codigo de barras SKU &#8211; En bolsa cristal con solapa autoadherible con logos maradona impresos &#8211; bulto de 0.31Kg tama\u00f1o 33x22x1cm<\/p>\n","protected":false},"excerpt":{"rendered":"<p><strong>CAMISETA DE FUTBOL <\/strong><br \/>Laterales y Espalda DRY FIT-Antipilling-Lycra de gran confort-No transparenta<\/p>\n","protected":false},"featured_media":2972,"comment_status":"open","ping_status":"closed","template":"","meta":{"om_disable_all_campaigns":false,"_monsterinsights_skip_tracking":false,"_monsterinsights_sitenote_active":false,"_monsterinsights_sitenote_note":"","_monsterinsights_sitenote_category":0,"_uf_show_specific_survey":0,"_uf_disable_surveys":false,"_kad_post_transparent":"","_kad_post_title":"","_kad_post_layout":"","_kad_post_sidebar_id":"","_kad_post_content_style":"","_kad_post_vertical_padding":"","_kad_post_feature":"","_kad_post_feature_position":"","_kad_post_header":false,"_kad_post_footer":false},"product_brand":[],"product_cat":[62,303,56,302,55,53,52,229,51],"product_tag":[42,100,40,168,165,65,41,158,39,73,134],"class_list":{"0":"post-1872","1":"product","2":"type-product","3":"status-publish","4":"has-post-thumbnail","6":"product_cat-entrenamiento","7":"product_cat-303","8":"product_cat-camiseta","9":"product_cat-colecciones-de-futbol","10":"product_cat-futbol","11":"product_cat-indumentaria","12":"product_cat-producto","13":"product_cat-remera-deportiva","14":"product_cat-universo-d10s","15":"product_tag-camiseta","16":"product_tag-coleccion-2018","17":"product_tag-deporte","18":"product_tag-deportiva","19":"product_tag-dry-fit","20":"product_tag-entrenamiento","21":"product_tag-futbol","22":"product_tag-golden","23":"product_tag-indumentaria","24":"product_tag-maradona","25":"product_tag-remera","27":"first","28":"instock","29":"sale","30":"featured","31":"taxable","32":"shipping-taxable","33":"purchasable","34":"product-type-variable","35":"entry","36":"content-bg","37":"loop-entry"},"aioseo_notices":[],"_links":{"self":[{"href":"https:\/\/themaradonastore.com\/index.php?rest_route=\/wp\/v2\/product\/1872","targetHints":{"allow":["GET"]}}],"collection":[{"href":"https:\/\/themaradonastore.com\/index.php?rest_route=\/wp\/v2\/product"}],"about":[{"href":"https:\/\/themaradonastore.com\/index.php?rest_route=\/wp\/v2\/types\/product"}],"replies":[{"embeddable":true,"href":"https:\/\/themaradonastore.com\/index.php?rest_route=%2Fwp%2Fv2%2Fcomments&post=1872"}],"wp:featuredmedia":[{"embeddable":true,"href":"https:\/\/themaradonastore.com\/index.php?rest_route=\/wp\/v2\/media\/2972"}],"wp:attachment":[{"href":"https:\/\/themaradonastore.com\/index.php?rest_route=%2Fwp%2Fv2%2Fmedia&parent=1872"}],"wp:term":[{"taxonomy":"product_brand","embeddable":true,"href":"https:\/\/themaradonastore.com\/index.php?rest_route=%2Fwp%2Fv2%2Fproduct_brand&post=1872"},{"taxonomy":"product_cat","embeddable":true,"href":"https:\/\/themaradonastore.com\/index.php?rest_route=%2Fwp%2Fv2%2Fproduct_cat&post=1872"},{"taxonomy":"product_tag","embeddable":true,"href":"https:\/\/themaradonastore.com\/index.php?rest_route=%2Fwp%2Fv2%2Fproduct_tag&post=1872"}],"curies":[{"name":"wp","href":"https:\/\/api.w.org\/{rel}","templated":true}]}}