{"id":2257,"date":"2024-01-04T18:56:51","date_gmt":"2024-01-04T18:56:51","guid":{"rendered":"https:\/\/themaradonastore.com\/?post_type=product&#038;p=2257"},"modified":"2025-04-04T22:07:34","modified_gmt":"2025-04-04T22:07:34","slug":"canilleras-maradona","status":"publish","type":"product","link":"https:\/\/themaradonastore.com\/?product=canilleras-maradona","title":{"rendered":"CANILLERAS &#8211; MARADONA &#8211;"},"content":{"rendered":"\n<p>Creadas para los jugadores y jugadoras que aman la libertad en la cancha, estas canilleras MARADONA son livianas y reflejan el gol mas pol\u00e9mico en la historia del astro en su estampado. <br><br>Dise\u00f1adas para ajustarse a tus medias, incorporan una placa dura con respaldo de goma EVA para absorber los impactos. <\/p>\n\n\n\n<p>La seguridad no deber\u00eda impedir que muestres tu mejor juego, la cubierta resistente crea una protecci\u00f3n de perfil bajo, la cual tambi\u00e9n cuenta con una parte posterior de goma EVA para ofrecer comodidad al lanzar la pelota al fondo de la red. <\/p>\n\n\n\n<p>En este producto el <strong>talle es UNICO<\/strong><\/p>\n\n\n\n<p>CON CALIDAD INTERNACIONAL &#8211; HECHA EN ARGENTINA PARA EL MUNDO (COMO EL DIEGO)<\/p>\n\n\n\n<p>PRODUCTO OFICIAL &#8211; MARADONA OFFICIAL BRAND &#8211; con grifa estampada interior y cart\u00f3n con c\u00f3digo de barras SKU &#8211; En bolsa cristal con solapa autoadherible con logos Maradona impresos &#8211; bulto de 0.1g tama\u00f1o 20x22x2cm<\/p>\n","protected":false},"excerpt":{"rendered":"<p><strong>CANILLERAS &#8211; MARADONA &#8211; NEGRAS Y ROSAS  <\/strong><br \/>Pl\u00e1stico alto impacto-Bajo Perfil-Confortable en interior<\/p>\n","protected":false},"featured_media":2883,"comment_status":"open","ping_status":"closed","template":"","meta":{"om_disable_all_campaigns":false,"_monsterinsights_skip_tracking":false,"_monsterinsights_sitenote_active":false,"_monsterinsights_sitenote_note":"","_monsterinsights_sitenote_category":0,"_uf_show_specific_survey":0,"_uf_disable_surveys":false,"_kad_post_transparent":"","_kad_post_title":"","_kad_post_layout":"","_kad_post_sidebar_id":"","_kad_post_content_style":"","_kad_post_vertical_padding":"","_kad_post_feature":"","_kad_post_feature_position":"","_kad_post_header":false,"_kad_post_footer":false},"product_brand":[],"product_cat":[304,303,302,306,305,55,53,52,51],"product_tag":[174,137,40,168,65,41,109,39,73,106,64,173],"class_list":{"0":"post-2257","1":"product","2":"type-product","3":"status-publish","4":"has-post-thumbnail","6":"product_cat-304","7":"product_cat-303","8":"product_cat-colecciones-de-futbol","9":"product_cat-d10s-por-el-club","10":"product_cat-d10s-por-los-estadios","11":"product_cat-futbol","12":"product_cat-indumentaria","13":"product_cat-producto","14":"product_cat-universo-d10s","15":"product_tag-canilla","16":"product_tag-canillera","17":"product_tag-deporte","18":"product_tag-deportiva","19":"product_tag-entrenamiento","20":"product_tag-futbol","21":"product_tag-hombre","22":"product_tag-indumentaria","23":"product_tag-maradona","24":"product_tag-media","25":"product_tag-mujer","26":"product_tag-proteccion","28":"first","29":"instock","30":"sale","31":"taxable","32":"shipping-taxable","33":"purchasable","34":"product-type-variable","35":"has-default-attributes","36":"entry","37":"content-bg","38":"loop-entry"},"aioseo_notices":[],"_links":{"self":[{"href":"https:\/\/themaradonastore.com\/index.php?rest_route=\/wp\/v2\/product\/2257","targetHints":{"allow":["GET"]}}],"collection":[{"href":"https:\/\/themaradonastore.com\/index.php?rest_route=\/wp\/v2\/product"}],"about":[{"href":"https:\/\/themaradonastore.com\/index.php?rest_route=\/wp\/v2\/types\/product"}],"replies":[{"embeddable":true,"href":"https:\/\/themaradonastore.com\/index.php?rest_route=%2Fwp%2Fv2%2Fcomments&post=2257"}],"wp:featuredmedia":[{"embeddable":true,"href":"https:\/\/themaradonastore.com\/index.php?rest_route=\/wp\/v2\/media\/2883"}],"wp:attachment":[{"href":"https:\/\/themaradonastore.com\/index.php?rest_route=%2Fwp%2Fv2%2Fmedia&parent=2257"}],"wp:term":[{"taxonomy":"product_brand","embeddable":true,"href":"https:\/\/themaradonastore.com\/index.php?rest_route=%2Fwp%2Fv2%2Fproduct_brand&post=2257"},{"taxonomy":"product_cat","embeddable":true,"href":"https:\/\/themaradonastore.com\/index.php?rest_route=%2Fwp%2Fv2%2Fproduct_cat&post=2257"},{"taxonomy":"product_tag","embeddable":true,"href":"https:\/\/themaradonastore.com\/index.php?rest_route=%2Fwp%2Fv2%2Fproduct_tag&post=2257"}],"curies":[{"name":"wp","href":"https:\/\/api.w.org\/{rel}","templated":true}]}}