{"id":2271,"date":"2024-01-04T19:39:25","date_gmt":"2024-01-04T19:39:25","guid":{"rendered":"https:\/\/themaradonastore.com\/?post_type=product&#038;p=2271"},"modified":"2025-03-31T18:44:04","modified_gmt":"2025-03-31T18:44:04","slug":"botin-de-futbol-maradona-coleccion-1984-napoli","status":"publish","type":"product","link":"https:\/\/themaradonastore.com\/?product=botin-de-futbol-maradona-coleccion-1984-napoli","title":{"rendered":"BOTIN DE FUTBOL &#8211; MARADONA | COLECCI\u00d3N 1984"},"content":{"rendered":"\n<p>COLECCION 1984, Dise\u00f1o inspirado en el equipo napolitano, conmemorando el a\u00f1o que Diego aterriz\u00f3 en N\u00e1poles y cambi\u00f3 el destino del club para siempre. Color celeste Napoli, capturando la pasi\u00f3n y el alma de la ciudad en cada prenda. Con estampas serigrafiadas MARADONA 10 y la firma del astro, detalles de su gol mas pol\u00e9mico en el interior y muchos mas detalles los que le dan un toque de distinci\u00f3n \u00fanico<\/p>\n\n\n\n<p>BOTIN de Capell sint\u00e9tico (PVC)impermeable con cord\u00f3n de poli\u00e9ster y tejido tubular. Posee refuerzo interno de cordoneras en PU con un forro de tejido PIQUE con espuma absorbente de humedad con densidad de 18kg. <\/p>\n\n\n\n<p>La capellada y&nbsp;el tal\u00f3n con espuma de alto impacto con densidad de 28kg, plantilla de armado de torsi\u00f3n en PP, las pantillas de de vista con calce en Goma Eva bordeada en pique antideslizante termoconformada en tal\u00f3n y arco del pie.<\/p>\n\n\n\n<p>Su suela es en TRV de 65 short de dureza, y flexibilidad de 70% de torsi\u00f3n, con memoria.<\/p>\n\n\n\n<p>BOTIN DE CALIDAD INTERNACIONAL \u2013 HECHO EN ARGENTINA PARA EL MUNDO (COMO EL DIEGO)<\/p>\n\n\n\n<p>PRODUCTO OFICIAL &#8211; MARADONA OFFICIAL BRAND &#8211; con grifa estampada interior y carton con codigo de barras SKU &#8211; En bolsa cristal con solapa autoadherible con logos maradona impresos &#8211; bulto de 0.35Kg tama\u00f1o 31x23x13cm<\/p>\n","protected":false},"excerpt":{"rendered":"<p><strong>BOTIN DE FUTBOL <\/strong><br \/>Anti torsi\u00f3n(evita esguinces)-Plantilla Confort-Capellada y Tal\u00f3n con espuma alto impacto (29kg)<\/p>\n","protected":false},"featured_media":2285,"comment_status":"open","ping_status":"closed","template":"","meta":{"om_disable_all_campaigns":false,"_monsterinsights_skip_tracking":false,"_monsterinsights_sitenote_active":false,"_monsterinsights_sitenote_note":"","_monsterinsights_sitenote_category":0,"_uf_show_specific_survey":0,"_uf_disable_surveys":false,"_kad_post_transparent":"","_kad_post_title":"","_kad_post_layout":"","_kad_post_sidebar_id":"","_kad_post_content_style":"","_kad_post_vertical_padding":"","_kad_post_feature":"","_kad_post_feature_position":"","_kad_post_header":false,"_kad_post_footer":false},"product_brand":[],"product_cat":[304,230,302,55,53,52,51],"product_tag":[171,43,40,168,41,109,39,73,74],"class_list":{"0":"post-2271","1":"product","2":"type-product","3":"status-publish","4":"has-post-thumbnail","6":"product_cat-304","7":"product_cat-botines","8":"product_cat-colecciones-de-futbol","9":"product_cat-futbol","10":"product_cat-indumentaria","11":"product_cat-producto","12":"product_cat-universo-d10s","13":"product_tag-botin","14":"product_tag-coleccion-1984","15":"product_tag-deporte","16":"product_tag-deportiva","17":"product_tag-futbol","18":"product_tag-hombre","19":"product_tag-indumentaria","20":"product_tag-maradona","21":"product_tag-napoli","23":"first","24":"instock","25":"sale","26":"featured","27":"taxable","28":"shipping-taxable","29":"purchasable","30":"product-type-variable","31":"entry","32":"content-bg","33":"loop-entry"},"aioseo_notices":[],"_links":{"self":[{"href":"https:\/\/themaradonastore.com\/index.php?rest_route=\/wp\/v2\/product\/2271","targetHints":{"allow":["GET"]}}],"collection":[{"href":"https:\/\/themaradonastore.com\/index.php?rest_route=\/wp\/v2\/product"}],"about":[{"href":"https:\/\/themaradonastore.com\/index.php?rest_route=\/wp\/v2\/types\/product"}],"replies":[{"embeddable":true,"href":"https:\/\/themaradonastore.com\/index.php?rest_route=%2Fwp%2Fv2%2Fcomments&post=2271"}],"wp:featuredmedia":[{"embeddable":true,"href":"https:\/\/themaradonastore.com\/index.php?rest_route=\/wp\/v2\/media\/2285"}],"wp:attachment":[{"href":"https:\/\/themaradonastore.com\/index.php?rest_route=%2Fwp%2Fv2%2Fmedia&parent=2271"}],"wp:term":[{"taxonomy":"product_brand","embeddable":true,"href":"https:\/\/themaradonastore.com\/index.php?rest_route=%2Fwp%2Fv2%2Fproduct_brand&post=2271"},{"taxonomy":"product_cat","embeddable":true,"href":"https:\/\/themaradonastore.com\/index.php?rest_route=%2Fwp%2Fv2%2Fproduct_cat&post=2271"},{"taxonomy":"product_tag","embeddable":true,"href":"https:\/\/themaradonastore.com\/index.php?rest_route=%2Fwp%2Fv2%2Fproduct_tag&post=2271"}],"curies":[{"name":"wp","href":"https:\/\/api.w.org\/{rel}","templated":true}]}}