{"id":2345,"date":"2024-01-05T11:11:17","date_gmt":"2024-01-05T11:11:17","guid":{"rendered":"https:\/\/themaradonastore.com\/?post_type=product&#038;p=2345"},"modified":"2024-11-04T12:59:13","modified_gmt":"2024-11-04T12:59:13","slug":"top-napoli-coleccion-1984-maradona","status":"publish","type":"product","link":"https:\/\/themaradonastore.com\/?product=top-napoli-coleccion-1984-maradona","title":{"rendered":"TOP &#8211; MARADONA | COLECCI\u00d3N 1984"},"content":{"rendered":"\n<p>COLECCION 1984, Dise\u00f1o inspirado en el equipo napolitano, conmemorando el a\u00f1o que Diego aterriz\u00f3 en N\u00e1poles y cambi\u00f3 el destino del club para siempre. Color celeste Napoli, capturando la pasi\u00f3n y el alma de la ciudad en cada prenda.<\/p>\n\n\n\n<p>Propiedades: elasticidad y confort, no transparenta, Anti-Pilling, Resistecia y Adherencia.<\/p>\n\n\n\n<p>TOP DE CALIDAD INTERNACIONAL &#8211; HECHA EN ARGENTINA PARA EL MUNDO (COMO EL DIEGO)<\/p>\n\n\n\n<p class=\"has-extra-small-font-size\">PRODUCTO OFICIAL &#8211; MARADONA OFFICIAL BRAND &#8211; con grifa estampada interior y carton con codigo de barras SKU &#8211; En bolsa cristal con solapa autoadherible con logos maradona impresos &#8211; bulto de 0.31Kg tama\u00f1o 33x22x1cm<\/p>\n","protected":false},"excerpt":{"rendered":"<p><strong>TOP CELESTE NAPOLI <\/strong><br \/>Elasticidad-Anti pilling-Resistencia-Adherencia<\/p>\n","protected":false},"featured_media":2843,"comment_status":"open","ping_status":"closed","template":"","meta":{"om_disable_all_campaigns":false,"_monsterinsights_skip_tracking":false,"_monsterinsights_sitenote_active":false,"_monsterinsights_sitenote_note":"","_monsterinsights_sitenote_category":0,"_uf_show_specific_survey":0,"_uf_disable_surveys":false,"_kad_post_transparent":"","_kad_post_title":"","_kad_post_layout":"","_kad_post_sidebar_id":"","_kad_post_content_style":"","_kad_post_vertical_padding":"","_kad_post_feature":"","_kad_post_feature_position":"","_kad_post_header":false,"_kad_post_footer":false},"product_brand":[],"product_cat":[62,55,53,52,51],"product_tag":[170,43,40,168,65,41,39,73,64,74,150,140,63],"class_list":{"0":"post-2345","1":"product","2":"type-product","3":"status-publish","4":"has-post-thumbnail","6":"product_cat-entrenamiento","7":"product_cat-futbol","8":"product_cat-indumentaria","9":"product_cat-producto","10":"product_cat-universo-d10s","11":"product_tag-celeste","12":"product_tag-coleccion-1984","13":"product_tag-deporte","14":"product_tag-deportiva","15":"product_tag-entrenamiento","16":"product_tag-futbol","17":"product_tag-indumentaria","18":"product_tag-maradona","19":"product_tag-mujer","20":"product_tag-napoli","21":"product_tag-run","22":"product_tag-running","23":"product_tag-top","25":"first","26":"instock","27":"sale","28":"featured","29":"taxable","30":"shipping-taxable","31":"purchasable","32":"product-type-variable","33":"entry","34":"content-bg","35":"loop-entry"},"aioseo_notices":[],"_links":{"self":[{"href":"https:\/\/themaradonastore.com\/index.php?rest_route=\/wp\/v2\/product\/2345","targetHints":{"allow":["GET"]}}],"collection":[{"href":"https:\/\/themaradonastore.com\/index.php?rest_route=\/wp\/v2\/product"}],"about":[{"href":"https:\/\/themaradonastore.com\/index.php?rest_route=\/wp\/v2\/types\/product"}],"replies":[{"embeddable":true,"href":"https:\/\/themaradonastore.com\/index.php?rest_route=%2Fwp%2Fv2%2Fcomments&post=2345"}],"wp:featuredmedia":[{"embeddable":true,"href":"https:\/\/themaradonastore.com\/index.php?rest_route=\/wp\/v2\/media\/2843"}],"wp:attachment":[{"href":"https:\/\/themaradonastore.com\/index.php?rest_route=%2Fwp%2Fv2%2Fmedia&parent=2345"}],"wp:term":[{"taxonomy":"product_brand","embeddable":true,"href":"https:\/\/themaradonastore.com\/index.php?rest_route=%2Fwp%2Fv2%2Fproduct_brand&post=2345"},{"taxonomy":"product_cat","embeddable":true,"href":"https:\/\/themaradonastore.com\/index.php?rest_route=%2Fwp%2Fv2%2Fproduct_cat&post=2345"},{"taxonomy":"product_tag","embeddable":true,"href":"https:\/\/themaradonastore.com\/index.php?rest_route=%2Fwp%2Fv2%2Fproduct_tag&post=2345"}],"curies":[{"name":"wp","href":"https:\/\/api.w.org\/{rel}","templated":true}]}}