{"id":2394,"date":"2024-01-05T12:46:24","date_gmt":"2024-01-05T12:46:24","guid":{"rendered":"https:\/\/themaradonastore.com\/?post_type=product&#038;p=2394"},"modified":"2025-02-06T20:47:43","modified_gmt":"2025-02-06T20:47:43","slug":"sudadera-dry-fit-golden-coleccion-2018-maradona","status":"publish","type":"product","link":"https:\/\/themaradonastore.com\/?product=sudadera-dry-fit-golden-coleccion-2018-maradona","title":{"rendered":"SUDADERA DRY FIT &#8211; MARADONA | COLECCI\u00d3N 2018"},"content":{"rendered":"\n<p>MODELO CONMEMORATIVO \u2013 COLECCION 2018 . Los colores dorado y negro son sin\u00f3nimo de gloria en el mundo del f\u00fatbol. Esta colecci\u00f3n rinde homenaje a su carrera de Oro y le hace un gui\u00f1o a su breve pero intensa estad\u00eda en el banquillo de los Dorados de Culiac\u00e1n.&nbsp;&nbsp;<br><\/p>\n\n\n\n<p>TELA MICROFIBRA CON LYCRA LIVIANA<\/p>\n\n\n\n<p>Propiedades: elasticidad y confort, no transparenta, Anti-Pilling, Resistencia y Adherencia.<\/p>\n\n\n\n<p>Selecciona tu talle revisando las m\u00e9tricas de la tabla de talles que figura en las im\u00e1genes<\/p>\n\n\n\n<p>SUDADERA DE CALIDAD INTERNACIONAL &#8211; HECHA EN ARGENTINA PARA EL MUNDO (COMO EL DIEGO)<\/p>\n\n\n\n<p class=\"has-extra-small-font-size\">PRODUCTO OFICIAL &#8211; MARADONA OFFICIAL BRAND &#8211; con grifa estampada interior y carton con codigo de barras SKU &#8211; En bolsa cristal con solapa autoadherible con logos maradona impresos &#8211; bulto de 0.31Kg tama\u00f1o 33x22x1cm<\/p>\n","protected":false},"excerpt":{"rendered":"<p><strong>SUDADERA DRY FIT GOLDEN <\/strong><br \/>Elasticidad-Anti pilling-Resistencia-Adherencia<\/p>\n","protected":false},"featured_media":3310,"comment_status":"open","ping_status":"closed","template":"","meta":{"om_disable_all_campaigns":false,"_monsterinsights_skip_tracking":false,"_monsterinsights_sitenote_active":false,"_monsterinsights_sitenote_note":"","_monsterinsights_sitenote_category":0,"_uf_show_specific_survey":0,"_uf_disable_surveys":false,"_kad_post_transparent":"","_kad_post_title":"","_kad_post_layout":"","_kad_post_sidebar_id":"","_kad_post_content_style":"","_kad_post_vertical_padding":"","_kad_post_feature":"","_kad_post_feature_position":"","_kad_post_header":false,"_kad_post_footer":false},"product_brand":[],"product_cat":[62,53,52,51],"product_tag":[42,100,40,168,166,165,65,141,158,39,73,64,136,150,140,135],"class_list":{"0":"post-2394","1":"product","2":"type-product","3":"status-publish","4":"has-post-thumbnail","6":"product_cat-entrenamiento","7":"product_cat-indumentaria","8":"product_cat-producto","9":"product_cat-universo-d10s","10":"product_tag-camiseta","11":"product_tag-coleccion-2018","12":"product_tag-deporte","13":"product_tag-deportiva","14":"product_tag-dry","15":"product_tag-dry-fit","16":"product_tag-entrenamiento","17":"product_tag-fit","18":"product_tag-golden","19":"product_tag-indumentaria","20":"product_tag-maradona","21":"product_tag-mujer","22":"product_tag-musculosa","23":"product_tag-run","24":"product_tag-running","25":"product_tag-sudadera","27":"first","28":"instock","29":"sale","30":"taxable","31":"shipping-taxable","32":"purchasable","33":"product-type-variable","34":"entry","35":"content-bg","36":"loop-entry"},"aioseo_notices":[],"_links":{"self":[{"href":"https:\/\/themaradonastore.com\/index.php?rest_route=\/wp\/v2\/product\/2394","targetHints":{"allow":["GET"]}}],"collection":[{"href":"https:\/\/themaradonastore.com\/index.php?rest_route=\/wp\/v2\/product"}],"about":[{"href":"https:\/\/themaradonastore.com\/index.php?rest_route=\/wp\/v2\/types\/product"}],"replies":[{"embeddable":true,"href":"https:\/\/themaradonastore.com\/index.php?rest_route=%2Fwp%2Fv2%2Fcomments&post=2394"}],"wp:featuredmedia":[{"embeddable":true,"href":"https:\/\/themaradonastore.com\/index.php?rest_route=\/wp\/v2\/media\/3310"}],"wp:attachment":[{"href":"https:\/\/themaradonastore.com\/index.php?rest_route=%2Fwp%2Fv2%2Fmedia&parent=2394"}],"wp:term":[{"taxonomy":"product_brand","embeddable":true,"href":"https:\/\/themaradonastore.com\/index.php?rest_route=%2Fwp%2Fv2%2Fproduct_brand&post=2394"},{"taxonomy":"product_cat","embeddable":true,"href":"https:\/\/themaradonastore.com\/index.php?rest_route=%2Fwp%2Fv2%2Fproduct_cat&post=2394"},{"taxonomy":"product_tag","embeddable":true,"href":"https:\/\/themaradonastore.com\/index.php?rest_route=%2Fwp%2Fv2%2Fproduct_tag&post=2394"}],"curies":[{"name":"wp","href":"https:\/\/api.w.org\/{rel}","templated":true}]}}