{"id":2407,"date":"2024-01-05T13:05:34","date_gmt":"2024-01-05T13:05:34","guid":{"rendered":"https:\/\/themaradonastore.com\/?post_type=product&#038;p=2407"},"modified":"2024-11-04T13:36:36","modified_gmt":"2024-11-04T13:36:36","slug":"sudadera-dry-fit-con-capucha-golden-coleccion-2018-maradona","status":"publish","type":"product","link":"https:\/\/themaradonastore.com\/?product=sudadera-dry-fit-con-capucha-golden-coleccion-2018-maradona","title":{"rendered":"SUDADERA DRY FIT CON CAPUCHA &#8211; MARADONA | COLECCI\u00d3N 2018"},"content":{"rendered":"\n<p>MODELO CONMEMORATIVO \u2013 COLECCION 2018 . Los colores dorado y negro son sin\u00f3nimo de gloria en el mundo del f\u00fatbol. Esta colecci\u00f3n rinde homenaje a su carrera de Oro y le hace un gui\u00f1o a su breve pero intensa estad\u00eda en el banquillo de los Dorados de Culiac\u00e1n.\u00a0\u00a0<\/p>\n\n\n\n<p>Tela en Microfibra con Lycra liviana + Dry FIT<\/p>\n\n\n\n<p>Lycra de gran confort, respirable, regula la temperatura corporal, con laterales en Dry Fit.<\/p>\n\n\n\n<p>Espalda de mayor longitud que la secci\u00f3n delantera para darle a usuario una mejor experiencia en el uso en movimiento.<\/p>\n\n\n\n<p>Propiedades: elasticidad y confort, no transparenta, Anti-Pilling, Resistencia y Adherencia.<\/p>\n\n\n\n<p>Selecciona tu talle revisando las m\u00e9tricas de la tabla de talles que figura en las im\u00e1genes<\/p>\n\n\n\n<p>SUDADERA DE CALIDAD INTERNACIONAL &#8211; HECHA EN ARGENTINA PARA EL MUNDO (COMO EL DIEGO)<\/p>\n\n\n\n<p class=\"has-extra-small-font-size\">PRODUCTO OFICIAL &#8211; MARADONA OFFICIAL BRAND &#8211; con grifa estampada interior y carton con codigo de barras SKU &#8211; En bolsa cristal con solapa autoadherible con logos maradona impresos &#8211; bulto de 0.31Kg tama\u00f1o 33x22x1cm<\/p>\n","protected":false},"excerpt":{"rendered":"<p><strong>SUDADERA DRY FIT CON CAPUCHA<\/strong><br \/>Elasticidad-Anti pilling-Resistencia-No transparenta<\/p>\n","protected":false},"featured_media":3078,"comment_status":"open","ping_status":"closed","template":"","meta":{"om_disable_all_campaigns":false,"_monsterinsights_skip_tracking":false,"_monsterinsights_sitenote_active":false,"_monsterinsights_sitenote_note":"","_monsterinsights_sitenote_category":0,"_uf_show_specific_survey":0,"_uf_disable_surveys":false,"_kad_post_transparent":"","_kad_post_title":"","_kad_post_layout":"","_kad_post_sidebar_id":"","_kad_post_content_style":"","_kad_post_vertical_padding":"","_kad_post_feature":"","_kad_post_feature_position":"","_kad_post_header":false,"_kad_post_footer":false},"product_brand":[],"product_cat":[62,53,52,51],"product_tag":[42,167,100,40,168,166,165,65,141,158,39,73,64,136,164,159,150,140,135],"class_list":{"0":"post-2407","1":"product","2":"type-product","3":"status-publish","4":"has-post-thumbnail","6":"product_cat-entrenamiento","7":"product_cat-indumentaria","8":"product_cat-producto","9":"product_cat-universo-d10s","10":"product_tag-camiseta","11":"product_tag-capucha","12":"product_tag-coleccion-2018","13":"product_tag-deporte","14":"product_tag-deportiva","15":"product_tag-dry","16":"product_tag-dry-fit","17":"product_tag-entrenamiento","18":"product_tag-fit","19":"product_tag-golden","20":"product_tag-indumentaria","21":"product_tag-maradona","22":"product_tag-mujer","23":"product_tag-musculosa","24":"product_tag-negra","25":"product_tag-negro","26":"product_tag-run","27":"product_tag-running","28":"product_tag-sudadera","30":"first","31":"instock","32":"sale","33":"taxable","34":"shipping-taxable","35":"purchasable","36":"product-type-variable","37":"entry","38":"content-bg","39":"loop-entry"},"aioseo_notices":[],"_links":{"self":[{"href":"https:\/\/themaradonastore.com\/index.php?rest_route=\/wp\/v2\/product\/2407","targetHints":{"allow":["GET"]}}],"collection":[{"href":"https:\/\/themaradonastore.com\/index.php?rest_route=\/wp\/v2\/product"}],"about":[{"href":"https:\/\/themaradonastore.com\/index.php?rest_route=\/wp\/v2\/types\/product"}],"replies":[{"embeddable":true,"href":"https:\/\/themaradonastore.com\/index.php?rest_route=%2Fwp%2Fv2%2Fcomments&post=2407"}],"wp:featuredmedia":[{"embeddable":true,"href":"https:\/\/themaradonastore.com\/index.php?rest_route=\/wp\/v2\/media\/3078"}],"wp:attachment":[{"href":"https:\/\/themaradonastore.com\/index.php?rest_route=%2Fwp%2Fv2%2Fmedia&parent=2407"}],"wp:term":[{"taxonomy":"product_brand","embeddable":true,"href":"https:\/\/themaradonastore.com\/index.php?rest_route=%2Fwp%2Fv2%2Fproduct_brand&post=2407"},{"taxonomy":"product_cat","embeddable":true,"href":"https:\/\/themaradonastore.com\/index.php?rest_route=%2Fwp%2Fv2%2Fproduct_cat&post=2407"},{"taxonomy":"product_tag","embeddable":true,"href":"https:\/\/themaradonastore.com\/index.php?rest_route=%2Fwp%2Fv2%2Fproduct_tag&post=2407"}],"curies":[{"name":"wp","href":"https:\/\/api.w.org\/{rel}","templated":true}]}}