{"id":2418,"date":"2024-01-05T13:48:23","date_gmt":"2024-01-05T13:48:23","guid":{"rendered":"https:\/\/themaradonastore.com\/?post_type=product&#038;p=2418"},"modified":"2025-11-04T02:20:29","modified_gmt":"2025-11-04T02:20:29","slug":"buzo-canguro-oversize-golden-coleccion-2018-maradona","status":"publish","type":"product","link":"https:\/\/themaradonastore.com\/?product=buzo-canguro-oversize-golden-coleccion-2018-maradona","title":{"rendered":"BUZO CANGURO OVERSIZE &#8211; MARADONA | COLECCI\u00d3N 2018"},"content":{"rendered":"\n<p>MODELO CONMEMORATIVO \u2013 COLECCION 2018 . Los colores dorado y negro son sin\u00f3nimo de gloria en el mundo del f\u00fatbol. Esta colecci\u00f3n rinde homenaje a su carrera dorada y le hace un gui\u00f1o a su breve pero intensa estad\u00eda en el banquillo de los Dorados de Culiac\u00e1n.\u00a0\u00a0<br><\/p>\n\n\n\n<p>Selecciona tu talle revisando las m\u00e9tricas de la tabla de talles que figura en las im\u00e1genes<\/p>\n\n\n\n<p>BUZO DE CALIDAD INTERNACIONAL &#8211; HECHA EN ARGENTINA PARA EL MUNDO (COMO EL DIEGO)<\/p>\n\n\n\n<p class=\"has-extra-small-font-size\">PRODUCTO OFICIAL &#8211; MARADONA OFFICIAL BRAND &#8211; con grifa estampada interior y carton con codigo de barras SKU &#8211; En bolsa cristal con solapa autoadherible con logos maradona impresos &#8211; bulto de 0.31Kg tama\u00f1o 33x22x1cm<\/p>\n","protected":false},"excerpt":{"rendered":"<p><strong>BUZO CANGURO OVERSIZE <\/strong><br \/>Capucha-Confortable-Pu\u00f1os Cerrados<\/p>\n<p><\/p>\n","protected":false},"featured_media":2813,"comment_status":"open","ping_status":"closed","template":"","meta":{"om_disable_all_campaigns":false,"_monsterinsights_skip_tracking":false,"_monsterinsights_sitenote_active":false,"_monsterinsights_sitenote_note":"","_monsterinsights_sitenote_category":0,"_uf_show_specific_survey":0,"_uf_disable_surveys":false,"_kad_post_transparent":"","_kad_post_title":"","_kad_post_layout":"","_kad_post_sidebar_id":"","_kad_post_content_style":"","_kad_post_vertical_padding":"","_kad_post_feature":"","_kad_post_feature_position":"","_kad_post_header":false,"_kad_post_footer":false},"product_brand":[],"product_cat":[61,53,52,51],"product_tag":[163,162,161,100,158,109,39,73,64,159,160,154,60],"class_list":{"0":"post-2418","1":"product","2":"type-product","3":"status-publish","4":"has-post-thumbnail","6":"product_cat-urbana","7":"product_cat-indumentaria","8":"product_cat-producto","9":"product_cat-universo-d10s","10":"product_tag-163","11":"product_tag-buzo","12":"product_tag-canguro","13":"product_tag-coleccion-2018","14":"product_tag-golden","15":"product_tag-hombre","16":"product_tag-indumentaria","17":"product_tag-maradona","18":"product_tag-mujer","19":"product_tag-negro","20":"product_tag-oversize","21":"product_tag-urbana","22":"product_tag-urbano","24":"first","25":"instock","26":"sale","27":"taxable","28":"shipping-taxable","29":"purchasable","30":"product-type-variable","31":"entry","32":"content-bg","33":"loop-entry"},"aioseo_notices":[],"_links":{"self":[{"href":"https:\/\/themaradonastore.com\/index.php?rest_route=\/wp\/v2\/product\/2418","targetHints":{"allow":["GET"]}}],"collection":[{"href":"https:\/\/themaradonastore.com\/index.php?rest_route=\/wp\/v2\/product"}],"about":[{"href":"https:\/\/themaradonastore.com\/index.php?rest_route=\/wp\/v2\/types\/product"}],"replies":[{"embeddable":true,"href":"https:\/\/themaradonastore.com\/index.php?rest_route=%2Fwp%2Fv2%2Fcomments&post=2418"}],"wp:featuredmedia":[{"embeddable":true,"href":"https:\/\/themaradonastore.com\/index.php?rest_route=\/wp\/v2\/media\/2813"}],"wp:attachment":[{"href":"https:\/\/themaradonastore.com\/index.php?rest_route=%2Fwp%2Fv2%2Fmedia&parent=2418"}],"wp:term":[{"taxonomy":"product_brand","embeddable":true,"href":"https:\/\/themaradonastore.com\/index.php?rest_route=%2Fwp%2Fv2%2Fproduct_brand&post=2418"},{"taxonomy":"product_cat","embeddable":true,"href":"https:\/\/themaradonastore.com\/index.php?rest_route=%2Fwp%2Fv2%2Fproduct_cat&post=2418"},{"taxonomy":"product_tag","embeddable":true,"href":"https:\/\/themaradonastore.com\/index.php?rest_route=%2Fwp%2Fv2%2Fproduct_tag&post=2418"}],"curies":[{"name":"wp","href":"https:\/\/api.w.org\/{rel}","templated":true}]}}