{"id":2476,"date":"2024-01-05T17:18:15","date_gmt":"2024-01-05T17:18:15","guid":{"rendered":"https:\/\/themaradonastore.com\/?post_type=product&#038;p=2476"},"modified":"2024-11-04T12:53:05","modified_gmt":"2024-11-04T12:53:05","slug":"remera-alfa-jersey-cuello-redondo-maradona","status":"publish","type":"product","link":"https:\/\/themaradonastore.com\/?product=remera-alfa-jersey-cuello-redondo-maradona","title":{"rendered":"REMERA ALFA JERSEY ESCOTE V &#8211; MARADONA"},"content":{"rendered":"\n<p>Es un dia relajado o lleno de tareas, no importa, esta remera <strong>Maradona\u00ae Official Brand<\/strong> ofrece comodidad durante todo el d\u00eda gracias a su tejido de algod\u00f3n suave y ajuste cl\u00e1sico. Llevando como siempre al DIEGO en detalles estampados distribuidos estrat\u00e9gicamente a\u00f1adiendo un estilo descomplicado a tu look diario.<br><br>Realizada en 100% Algodon\u00a0<strong>tejido en punto Jersey\u00a0<\/strong>destaca por encima de los dem\u00e1s gracias a su alto nivel de suavidad y a su agradecido tacto. A nivel est\u00e9tico tambi\u00e9n presenta un aspecto bastante superior al del algod\u00f3n convencional.<br><\/p>\n\n\n\n<p>REMERA DE CALIDAD INTERNACIONAL &#8211; HECHA EN ARGENTINA PARA EL MUNDO (COMO EL DIEGO)<\/p>\n\n\n\n<p>Selecciona tu talle revisando las m\u00e9tricas de la tabla de talles que figura en las im\u00e1genes<\/p>\n\n\n\n<p class=\"has-extra-small-font-size\">PRODUCTO OFICIAL &#8211; MARADONA OFFICIAL BRAND &#8211; con grifa estampada interior y carton con codigo de barras SKU &#8211; En bolsa cristal con solapa autoadherible con logos maradona impresos &#8211; bulto de 0.31Kg tama\u00f1o 33x22x1cm<\/p>\n","protected":false},"excerpt":{"rendered":"<p><strong>REMERA ALFA JERSEY ESCOTE V<\/strong><br \/>100% Algodon-Tejido tipo Jersey-Serigrafia en transfer<\/p>\n","protected":false},"featured_media":3058,"comment_status":"open","ping_status":"closed","template":"","meta":{"om_disable_all_campaigns":false,"_monsterinsights_skip_tracking":false,"_monsterinsights_sitenote_active":false,"_monsterinsights_sitenote_note":"","_monsterinsights_sitenote_category":0,"_uf_show_specific_survey":0,"_uf_disable_surveys":false,"_kad_post_transparent":"","_kad_post_title":"","_kad_post_layout":"","_kad_post_sidebar_id":"","_kad_post_content_style":"","_kad_post_vertical_padding":"","_kad_post_feature":"","_kad_post_feature_position":"","_kad_post_header":false,"_kad_post_footer":false},"product_brand":[],"product_cat":[61,53,52,51],"product_tag":[147,148,40,65,109,39,146,73,134,60],"class_list":{"0":"post-2476","1":"product","2":"type-product","3":"status-publish","4":"has-post-thumbnail","6":"product_cat-urbana","7":"product_cat-indumentaria","8":"product_cat-producto","9":"product_cat-universo-d10s","10":"product_tag-alfa","11":"product_tag-cuello-en-v","12":"product_tag-deporte","13":"product_tag-entrenamiento","14":"product_tag-hombre","15":"product_tag-indumentaria","16":"product_tag-jersey","17":"product_tag-maradona","18":"product_tag-remera","19":"product_tag-urbano","21":"first","22":"instock","23":"sale","24":"taxable","25":"shipping-taxable","26":"purchasable","27":"product-type-variable","28":"entry","29":"content-bg","30":"loop-entry"},"aioseo_notices":[],"_links":{"self":[{"href":"https:\/\/themaradonastore.com\/index.php?rest_route=\/wp\/v2\/product\/2476","targetHints":{"allow":["GET"]}}],"collection":[{"href":"https:\/\/themaradonastore.com\/index.php?rest_route=\/wp\/v2\/product"}],"about":[{"href":"https:\/\/themaradonastore.com\/index.php?rest_route=\/wp\/v2\/types\/product"}],"replies":[{"embeddable":true,"href":"https:\/\/themaradonastore.com\/index.php?rest_route=%2Fwp%2Fv2%2Fcomments&post=2476"}],"wp:featuredmedia":[{"embeddable":true,"href":"https:\/\/themaradonastore.com\/index.php?rest_route=\/wp\/v2\/media\/3058"}],"wp:attachment":[{"href":"https:\/\/themaradonastore.com\/index.php?rest_route=%2Fwp%2Fv2%2Fmedia&parent=2476"}],"wp:term":[{"taxonomy":"product_brand","embeddable":true,"href":"https:\/\/themaradonastore.com\/index.php?rest_route=%2Fwp%2Fv2%2Fproduct_brand&post=2476"},{"taxonomy":"product_cat","embeddable":true,"href":"https:\/\/themaradonastore.com\/index.php?rest_route=%2Fwp%2Fv2%2Fproduct_cat&post=2476"},{"taxonomy":"product_tag","embeddable":true,"href":"https:\/\/themaradonastore.com\/index.php?rest_route=%2Fwp%2Fv2%2Fproduct_tag&post=2476"}],"curies":[{"name":"wp","href":"https:\/\/api.w.org\/{rel}","templated":true}]}}