{"id":2495,"date":"2024-01-05T18:38:44","date_gmt":"2024-01-05T18:38:44","guid":{"rendered":"https:\/\/themaradonastore.com\/?post_type=product&#038;p=2495"},"modified":"2024-11-04T12:51:56","modified_gmt":"2024-11-04T12:51:56","slug":"remera-alfa-jersey-cuello-redondo-maradona-2","status":"publish","type":"product","link":"https:\/\/themaradonastore.com\/?product=remera-alfa-jersey-cuello-redondo-maradona-2","title":{"rendered":"REMERA ALFA JERSEY CUELLO REDONDO &#8211; MARADONA"},"content":{"rendered":"\n<p>En una cancha de f\u00fatbol, el n\u00famero 10 es la base sobre la cual se construyen los ataques fluidos.  En <strong>Maradona\u00ae Official Brand<\/strong> agregamos un homenaje del DIEGO, llevando su firma en la espalda, con su caracter\u00edstico 10 que inclu\u00eda al hacerla. Cuello redondo, suave y c\u00f3moda.<br><br>Realizada en 100% Algodon <strong>tejido en punto Jersey <\/strong>destaca por encima de los dem\u00e1s gracias a su alto nivel de suavidad y a su agradecido tacto. A nivel est\u00e9tico tambi\u00e9n presenta un aspecto bastante superior al del algod\u00f3n convencional.<\/p>\n\n\n\n<p>Color Blanca con serigrafia en color Celeste Napole, de MARADONA y la firma del astro en la espalda.<\/p>\n\n\n\n<p>REMERA DE CALIDAD INTERNACIONAL &#8211; HECHA EN ARGENTINA PARA EL MUNDO (COMO EL DIEGO)<\/p>\n\n\n\n<p class=\"has-extra-small-font-size\">PRODUCTO OFICIAL &#8211; MARADONA OFFICIAL BRAND &#8211; con grifa estampada interior y carton con codigo de barras SKU &#8211; En bolsa cristal con solapa autoadherible con logos maradona impresos &#8211; bulto de 0.31Kg tama\u00f1o 33x22x1cm<\/p>\n","protected":false},"excerpt":{"rendered":"<p><strong>REMERA ALFA JERSEY CUELLO REDONDO <\/strong><br \/>100% Algodon-Tejido tipo Jersey-Serigrafia en transfer<\/p>\n","protected":false},"featured_media":2819,"comment_status":"open","ping_status":"closed","template":"","meta":{"om_disable_all_campaigns":false,"_monsterinsights_skip_tracking":false,"_monsterinsights_sitenote_active":false,"_monsterinsights_sitenote_note":"","_monsterinsights_sitenote_category":0,"_uf_show_specific_survey":0,"_uf_disable_surveys":false,"_kad_post_transparent":"","_kad_post_title":"","_kad_post_layout":"","_kad_post_sidebar_id":"","_kad_post_content_style":"","_kad_post_vertical_padding":"","_kad_post_feature":"","_kad_post_feature_position":"","_kad_post_header":false,"_kad_post_footer":false},"product_brand":[],"product_cat":[61,53,52,226,51],"product_tag":[147,145,40,65,109,39,146,73,134,60],"class_list":{"0":"post-2495","1":"product","2":"type-product","3":"status-publish","4":"has-post-thumbnail","6":"product_cat-urbana","7":"product_cat-indumentaria","8":"product_cat-producto","9":"product_cat-remera","10":"product_cat-universo-d10s","11":"product_tag-alfa","12":"product_tag-cuello-redondo","13":"product_tag-deporte","14":"product_tag-entrenamiento","15":"product_tag-hombre","16":"product_tag-indumentaria","17":"product_tag-jersey","18":"product_tag-maradona","19":"product_tag-remera","20":"product_tag-urbano","22":"first","23":"instock","24":"sale","25":"taxable","26":"shipping-taxable","27":"purchasable","28":"product-type-variable","29":"entry","30":"content-bg","31":"loop-entry"},"aioseo_notices":[],"_links":{"self":[{"href":"https:\/\/themaradonastore.com\/index.php?rest_route=\/wp\/v2\/product\/2495","targetHints":{"allow":["GET"]}}],"collection":[{"href":"https:\/\/themaradonastore.com\/index.php?rest_route=\/wp\/v2\/product"}],"about":[{"href":"https:\/\/themaradonastore.com\/index.php?rest_route=\/wp\/v2\/types\/product"}],"replies":[{"embeddable":true,"href":"https:\/\/themaradonastore.com\/index.php?rest_route=%2Fwp%2Fv2%2Fcomments&post=2495"}],"wp:featuredmedia":[{"embeddable":true,"href":"https:\/\/themaradonastore.com\/index.php?rest_route=\/wp\/v2\/media\/2819"}],"wp:attachment":[{"href":"https:\/\/themaradonastore.com\/index.php?rest_route=%2Fwp%2Fv2%2Fmedia&parent=2495"}],"wp:term":[{"taxonomy":"product_brand","embeddable":true,"href":"https:\/\/themaradonastore.com\/index.php?rest_route=%2Fwp%2Fv2%2Fproduct_brand&post=2495"},{"taxonomy":"product_cat","embeddable":true,"href":"https:\/\/themaradonastore.com\/index.php?rest_route=%2Fwp%2Fv2%2Fproduct_cat&post=2495"},{"taxonomy":"product_tag","embeddable":true,"href":"https:\/\/themaradonastore.com\/index.php?rest_route=%2Fwp%2Fv2%2Fproduct_tag&post=2495"}],"curies":[{"name":"wp","href":"https:\/\/api.w.org\/{rel}","templated":true}]}}