{"id":2505,"date":"2024-01-05T19:03:38","date_gmt":"2024-01-05T19:03:38","guid":{"rendered":"https:\/\/themaradonastore.com\/?post_type=product&#038;p=2505"},"modified":"2025-02-07T14:05:17","modified_gmt":"2025-02-07T14:05:17","slug":"camiseta-fit-napoli-coleccion-1984-maradona","status":"publish","type":"product","link":"https:\/\/themaradonastore.com\/?product=camiseta-fit-napoli-coleccion-1984-maradona","title":{"rendered":"CAMISETA FIT &#8211; MARADONA | COLECCI\u00d3N 1984"},"content":{"rendered":"\n<p>COLECCION 1984, Dise\u00f1o inspirado en el equipo napolitano, conmemorando el a\u00f1o que Diego aterriz\u00f3 en N\u00e1poles y cambi\u00f3 el destino del club para siempre. Color Blanco y Celeste Napoli, capturando la pasi\u00f3n y el alma de la ciudad en cada prenda.<\/p>\n\n\n\n<p>TELA LYCRA LIVIANA, CON MICROFIBRA, DRY FIT.<\/p>\n\n\n\n<p>Lycra de gran confort, respirable, regula la temperatura corporal, con laterales en Dry Fit al tono que aseguran que la prenda evapore la transpiraci\u00f3n con mayor facilidad dando una mejor sensaci\u00f3n de frescura.<\/p>\n\n\n\n<p>Dorso ventilado,  Dry FIT y el resto en lycra. Espalda de mayor longitud que la secci\u00f3n delantera para darle a usuario una mejor experiencia en el uso en movimiento, con laterales combinados dryfit y lycra.<\/p>\n\n\n\n<p>Propiedades: elasticidad y confort, no transparenta, Anti-Pilling, Resistecia y Adherencia.<\/p>\n\n\n\n<p>Selecciona tu talle revisando las m\u00e9tricas de la tabla de talles que figura en las im\u00e1genes<\/p>\n\n\n\n<p>CAMISETA DE CALIDAD INTERNACIONAL &#8211; HECHA EN ARGENTINA PARA EL MUNDO (COMO EL DIEGO)<\/p>\n\n\n\n<p class=\"has-extra-small-font-size\">PRODUCTO OFICIAL &#8211; MARADONA OFFICIAL BRAND &#8211; con grifa estampada interior y carton con codigo de barras SKU &#8211; En bolsa cristal con solapa autoadherible con logos maradona impresos &#8211; bulto de 0.31Kg tama\u00f1o 33x22x1cm<\/p>\n","protected":false},"excerpt":{"rendered":"<p><strong>CAMISETA DE FUTBOL FIT<\/strong><br \/>Dry FIT- Dorso Ventilado-Anti Pilling-Elasticidad-Confort<\/p>\n","protected":false},"featured_media":2993,"comment_status":"open","ping_status":"closed","template":"","meta":{"om_disable_all_campaigns":false,"_monsterinsights_skip_tracking":false,"_monsterinsights_sitenote_active":false,"_monsterinsights_sitenote_note":"","_monsterinsights_sitenote_category":0,"_uf_show_specific_survey":0,"_uf_disable_surveys":false,"_kad_post_transparent":"","_kad_post_title":"","_kad_post_layout":"","_kad_post_sidebar_id":"","_kad_post_content_style":"","_kad_post_vertical_padding":"","_kad_post_feature":"","_kad_post_feature_position":"","_kad_post_header":false,"_kad_post_footer":false},"product_brand":[],"product_cat":[62,304,56,302,55,53,52,229,51],"product_tag":[42,43,145,40,65,141,41,39,73,64,74,134],"class_list":{"0":"post-2505","1":"product","2":"type-product","3":"status-publish","4":"has-post-thumbnail","6":"product_cat-entrenamiento","7":"product_cat-304","8":"product_cat-camiseta","9":"product_cat-colecciones-de-futbol","10":"product_cat-futbol","11":"product_cat-indumentaria","12":"product_cat-producto","13":"product_cat-remera-deportiva","14":"product_cat-universo-d10s","15":"product_tag-camiseta","16":"product_tag-coleccion-1984","17":"product_tag-cuello-redondo","18":"product_tag-deporte","19":"product_tag-entrenamiento","20":"product_tag-fit","21":"product_tag-futbol","22":"product_tag-indumentaria","23":"product_tag-maradona","24":"product_tag-mujer","25":"product_tag-napoli","26":"product_tag-remera","28":"first","29":"instock","30":"sale","31":"featured","32":"taxable","33":"shipping-taxable","34":"purchasable","35":"product-type-variable","36":"entry","37":"content-bg","38":"loop-entry"},"aioseo_notices":[],"_links":{"self":[{"href":"https:\/\/themaradonastore.com\/index.php?rest_route=\/wp\/v2\/product\/2505","targetHints":{"allow":["GET"]}}],"collection":[{"href":"https:\/\/themaradonastore.com\/index.php?rest_route=\/wp\/v2\/product"}],"about":[{"href":"https:\/\/themaradonastore.com\/index.php?rest_route=\/wp\/v2\/types\/product"}],"replies":[{"embeddable":true,"href":"https:\/\/themaradonastore.com\/index.php?rest_route=%2Fwp%2Fv2%2Fcomments&post=2505"}],"wp:featuredmedia":[{"embeddable":true,"href":"https:\/\/themaradonastore.com\/index.php?rest_route=\/wp\/v2\/media\/2993"}],"wp:attachment":[{"href":"https:\/\/themaradonastore.com\/index.php?rest_route=%2Fwp%2Fv2%2Fmedia&parent=2505"}],"wp:term":[{"taxonomy":"product_brand","embeddable":true,"href":"https:\/\/themaradonastore.com\/index.php?rest_route=%2Fwp%2Fv2%2Fproduct_brand&post=2505"},{"taxonomy":"product_cat","embeddable":true,"href":"https:\/\/themaradonastore.com\/index.php?rest_route=%2Fwp%2Fv2%2Fproduct_cat&post=2505"},{"taxonomy":"product_tag","embeddable":true,"href":"https:\/\/themaradonastore.com\/index.php?rest_route=%2Fwp%2Fv2%2Fproduct_tag&post=2505"}],"curies":[{"name":"wp","href":"https:\/\/api.w.org\/{rel}","templated":true}]}}