{"id":2522,"date":"2024-01-05T19:37:01","date_gmt":"2024-01-05T19:37:01","guid":{"rendered":"https:\/\/themaradonastore.com\/?post_type=product&#038;p=2522"},"modified":"2025-05-11T16:14:34","modified_gmt":"2025-05-11T16:14:34","slug":"rompevientos-fit-silver-maradora","status":"publish","type":"product","link":"https:\/\/themaradonastore.com\/?product=rompevientos-fit-silver-maradora","title":{"rendered":"ROMPEVIENTOS FIT SILVER &#8211; MARADONA &#8211;"},"content":{"rendered":"\n<p>El rompevientos FIT con capucha es el compa\u00f1ero perfecto para seguir movi\u00e9ndote cuando el clima no acompa\u00f1a. Con tecnolog\u00eda dise\u00f1ada para protegerte del viento junto con los detalles del Astro no deja que el mal tiempo te detenga, sub\u00ed el cierre del rompevientos y enfr\u00e9ntate a cualquier desaf\u00edo que se interponga en tu camino, incluye un bolsillo en el dorso para poder guardar tu M\u00f3vil y poder continuar con las manos libres disfrutando tu actividad. <\/p>\n\n\n\n<p>TELA PONGEE, TPU TECNICO <\/p>\n\n\n\n<p>Realizado con la mayor calidad en telas, tiene la propiedad de protecci\u00f3n UV, un secado r\u00e1pido e Impermeabilidad, sin perder Flexibilidad, a su vez tiene la caracter\u00edstica de ser antiest\u00e1tico. <\/p>\n\n\n\n<p>Propiedades: Flexibilidad, antiest\u00e1tico, impermeable y confort.<\/p>\n\n\n\n<p>Selecciona tu talle revisando las m\u00e9tricas de la tabla de talles que figura en las im\u00e1genes<\/p>\n\n\n\n<p>HECHO EN ARGENTINA PARA EL MUNDO (COMO EL DIEGO)<\/p>\n\n\n\n<p class=\"has-extra-small-font-size\">PRODUCTO OFICIAL &#8211; MARADONA OFFICIAL BRAND &#8211; con grifa estampada interior y cart\u00f3n con c\u00f3digo de barras SKU &#8211; En bolsa cristal con solapa autoadherible con logos maradona impresos &#8211; bulto de 0.45Kg tama\u00f1o 37x27x1cm<\/p>\n","protected":false},"excerpt":{"rendered":"<p><strong>ROMPEVIENTOS FIT <\/strong><br \/>Capucha-Protecci\u00f3n UV-Impermeabilidad-Antiest\u00e1tico-Flexible<\/p>\n","protected":false},"featured_media":3037,"comment_status":"open","ping_status":"closed","template":"","meta":{"om_disable_all_campaigns":false,"_monsterinsights_skip_tracking":false,"_monsterinsights_sitenote_active":false,"_monsterinsights_sitenote_note":"","_monsterinsights_sitenote_category":0,"_uf_show_specific_survey":0,"_uf_disable_surveys":false,"_kad_post_transparent":"","_kad_post_title":"","_kad_post_layout":"","_kad_post_sidebar_id":"","_kad_post_content_style":"","_kad_post_vertical_padding":"","_kad_post_feature":"","_kad_post_feature_position":"","_kad_post_header":false,"_kad_post_footer":false},"product_brand":[],"product_cat":[62,61,53,52,51],"product_tag":[142,99,40,65,141,39,143,73,64,98,144,60],"class_list":{"0":"post-2522","1":"product","2":"type-product","3":"status-publish","4":"has-post-thumbnail","6":"product_cat-entrenamiento","7":"product_cat-urbana","8":"product_cat-indumentaria","9":"product_cat-producto","10":"product_cat-universo-d10s","11":"product_tag-abrigo","12":"product_tag-campera","13":"product_tag-deporte","14":"product_tag-entrenamiento","15":"product_tag-fit","16":"product_tag-indumentaria","17":"product_tag-lluvia","18":"product_tag-maradona","19":"product_tag-mujer","20":"product_tag-rompevientos","21":"product_tag-silver","22":"product_tag-urbano","24":"first","25":"instock","26":"sale","27":"taxable","28":"shipping-taxable","29":"purchasable","30":"product-type-variable","31":"has-default-attributes","32":"entry","33":"content-bg","34":"loop-entry"},"aioseo_notices":[],"_links":{"self":[{"href":"https:\/\/themaradonastore.com\/index.php?rest_route=\/wp\/v2\/product\/2522","targetHints":{"allow":["GET"]}}],"collection":[{"href":"https:\/\/themaradonastore.com\/index.php?rest_route=\/wp\/v2\/product"}],"about":[{"href":"https:\/\/themaradonastore.com\/index.php?rest_route=\/wp\/v2\/types\/product"}],"replies":[{"embeddable":true,"href":"https:\/\/themaradonastore.com\/index.php?rest_route=%2Fwp%2Fv2%2Fcomments&post=2522"}],"wp:featuredmedia":[{"embeddable":true,"href":"https:\/\/themaradonastore.com\/index.php?rest_route=\/wp\/v2\/media\/3037"}],"wp:attachment":[{"href":"https:\/\/themaradonastore.com\/index.php?rest_route=%2Fwp%2Fv2%2Fmedia&parent=2522"}],"wp:term":[{"taxonomy":"product_brand","embeddable":true,"href":"https:\/\/themaradonastore.com\/index.php?rest_route=%2Fwp%2Fv2%2Fproduct_brand&post=2522"},{"taxonomy":"product_cat","embeddable":true,"href":"https:\/\/themaradonastore.com\/index.php?rest_route=%2Fwp%2Fv2%2Fproduct_cat&post=2522"},{"taxonomy":"product_tag","embeddable":true,"href":"https:\/\/themaradonastore.com\/index.php?rest_route=%2Fwp%2Fv2%2Fproduct_tag&post=2522"}],"curies":[{"name":"wp","href":"https:\/\/api.w.org\/{rel}","templated":true}]}}