{"id":2541,"date":"2024-01-05T20:04:37","date_gmt":"2024-01-05T20:04:37","guid":{"rendered":"https:\/\/themaradonastore.com\/?post_type=product&#038;p=2541"},"modified":"2025-11-04T02:20:29","modified_gmt":"2025-11-04T02:20:29","slug":"short-golden-calza-fem-coleccion-2018-maradona","status":"publish","type":"product","link":"https:\/\/themaradonastore.com\/?product=short-golden-calza-fem-coleccion-2018-maradona","title":{"rendered":"SHORT CALZA FEM &#8211; MARADONA | COLECCI\u00d3N 2018"},"content":{"rendered":"\n<p>MODELO CONMEMORATIVO \u2013 COLECCION 2018 . Los colores dorado y negro son sin\u00f3nimo de gloria en el mundo del f\u00fatbol. Esta colecci\u00f3n rinde homenaje a su carrera de Oro y le hace un gui\u00f1o a su breve pero intensa estad\u00eda en el banquillo de los Dorados de Culiac\u00e1n.&nbsp;&nbsp;<\/p>\n\n\n\n<p>TELA MICROFIBRA ELASTIZADA CON SPANDEX + CALZA INTERNA DE MICROFIBRA CON LYCRA LIVIANA<\/p>\n\n\n\n<p>Tela microfibra de gran confort, secado r\u00e1pido y absorbe la humedad, la calza liviana permite un entrenamiento activo evitando lesiones de piel en la zona de la ingle.<\/p>\n\n\n\n<p>El\u00e1stico Negro afelpado, con la identificaci\u00f3n del Astro a lo largo.<strong> * <\/strong><\/p>\n\n\n\n<p>Selecciona tu talle revisando las m\u00e9tricas de la tabla de talles que figura en las im\u00e1genes<\/p>\n\n\n\n<p>SHORT DE CALIDAD INTERNACIONAL &#8211; HECHA EN ARGENTINA PARA EL MUNDO (COMO EL DIEGO)<\/p>\n\n\n\n<p class=\"has-extra-small-font-size\">PRODUCTO OFICIAL &#8211; MARADONA OFFICIAL BRAND &#8211; con grifa estampada interior y carton con codigo de barras SKU &#8211; En bolsa cristal con solapa autoadherible con logos maradona impresos &#8211; bulto de 0.31Kg tama\u00f1o 33x22x1cm, <\/p>\n\n\n\n<p>*El dorso puede no finalizar con el texto completo.<\/p>\n","protected":false},"excerpt":{"rendered":"<p><strong>SHORT GOLDEN CALZA FEM <\/strong><br \/>Secado R\u00e1pido-Absorci\u00f3n de Humedad- Elasticidad<\/p>\n","protected":false},"featured_media":3067,"comment_status":"open","ping_status":"closed","template":"","meta":{"om_disable_all_campaigns":false,"_monsterinsights_skip_tracking":false,"_monsterinsights_sitenote_active":false,"_monsterinsights_sitenote_note":"","_monsterinsights_sitenote_category":0,"_uf_show_specific_survey":0,"_uf_disable_surveys":false,"_kad_post_transparent":"","_kad_post_title":"","_kad_post_layout":"","_kad_post_sidebar_id":"","_kad_post_content_style":"","_kad_post_vertical_padding":"","_kad_post_feature":"","_kad_post_feature_position":"","_kad_post_header":false,"_kad_post_footer":false},"product_brand":[],"product_cat":[62,97,303,302,53,52,228,51],"product_tag":[100,40,168,65,41,158,39,73,64,150,140,139],"class_list":{"0":"post-2541","1":"product","2":"type-product","3":"status-publish","4":"has-post-thumbnail","6":"product_cat-entrenamiento","7":"product_cat-short","8":"product_cat-303","9":"product_cat-colecciones-de-futbol","10":"product_cat-indumentaria","11":"product_cat-producto","12":"product_cat-short-deportiva","13":"product_cat-universo-d10s","14":"product_tag-coleccion-2018","15":"product_tag-deporte","16":"product_tag-deportiva","17":"product_tag-entrenamiento","18":"product_tag-futbol","19":"product_tag-golden","20":"product_tag-indumentaria","21":"product_tag-maradona","22":"product_tag-mujer","23":"product_tag-run","24":"product_tag-running","25":"product_tag-short","27":"first","28":"instock","29":"sale","30":"taxable","31":"shipping-taxable","32":"purchasable","33":"product-type-variable","34":"entry","35":"content-bg","36":"loop-entry"},"aioseo_notices":[],"_links":{"self":[{"href":"https:\/\/themaradonastore.com\/index.php?rest_route=\/wp\/v2\/product\/2541","targetHints":{"allow":["GET"]}}],"collection":[{"href":"https:\/\/themaradonastore.com\/index.php?rest_route=\/wp\/v2\/product"}],"about":[{"href":"https:\/\/themaradonastore.com\/index.php?rest_route=\/wp\/v2\/types\/product"}],"replies":[{"embeddable":true,"href":"https:\/\/themaradonastore.com\/index.php?rest_route=%2Fwp%2Fv2%2Fcomments&post=2541"}],"wp:featuredmedia":[{"embeddable":true,"href":"https:\/\/themaradonastore.com\/index.php?rest_route=\/wp\/v2\/media\/3067"}],"wp:attachment":[{"href":"https:\/\/themaradonastore.com\/index.php?rest_route=%2Fwp%2Fv2%2Fmedia&parent=2541"}],"wp:term":[{"taxonomy":"product_brand","embeddable":true,"href":"https:\/\/themaradonastore.com\/index.php?rest_route=%2Fwp%2Fv2%2Fproduct_brand&post=2541"},{"taxonomy":"product_cat","embeddable":true,"href":"https:\/\/themaradonastore.com\/index.php?rest_route=%2Fwp%2Fv2%2Fproduct_cat&post=2541"},{"taxonomy":"product_tag","embeddable":true,"href":"https:\/\/themaradonastore.com\/index.php?rest_route=%2Fwp%2Fv2%2Fproduct_tag&post=2541"}],"curies":[{"name":"wp","href":"https:\/\/api.w.org\/{rel}","templated":true}]}}