{"id":2614,"date":"2024-01-08T13:06:46","date_gmt":"2024-01-08T13:06:46","guid":{"rendered":"https:\/\/themaradonastore.com\/?post_type=product&#038;p=2614"},"modified":"2025-02-07T14:05:01","modified_gmt":"2025-02-07T14:05:01","slug":"short-futbol-fem-maradona-coleccion-1984-napoli","status":"publish","type":"product","link":"https:\/\/themaradonastore.com\/?product=short-futbol-fem-maradona-coleccion-1984-napoli","title":{"rendered":"SHORT FUTBOL FEM &#8211; MARADONA | COLECCI\u00d3N 1984"},"content":{"rendered":"\n<p>COLECCION 1984, Dise\u00f1o inspirado en el equipo napolitano, conmemorando el a\u00f1o que Diego aterriz\u00f3 en N\u00e1poles y cambi\u00f3 el destino del club para siempre. Color celeste Napoli, capturando la pasi\u00f3n y el alma de la ciudad en cada prenda.<\/p>\n\n\n\n<p>TELA LYCRA LIVIANA CON MICROFIBRA + DRY FIT <\/p>\n\n\n\n<p>Lycra de gran confort, respirable, regula la temperatura corporal, con laterales en Dry Fit al tono que aseguran que la prenda evapore la transpiraci\u00f3n con mayor facilidad dando una mejor sensaci\u00f3n de frescura.<\/p>\n\n\n\n<p>Laterales combinados Dryfit y lycra<\/p>\n\n\n\n<p>Propiedades: Elasticidad y confort, no transparenta, Anti-Pilling, Resistecia y Adherencia.<\/p>\n\n\n\n<p>Selecciona tu talle revisando las m\u00e9tricas de la tabla de talles que figura en las im\u00e1genes<\/p>\n\n\n\n<p class=\"has-extra-small-font-size\">PRODUCTO OFICIAL &#8211; MARADONA OFFICIAL BRAND &#8211; con grifa estampada interior y carton con codigo de barras SKU &#8211; En bolsa cristal con solapa autoadherible con logos maradona impresos &#8211; bulto de 0.31Kg tama\u00f1o 21X26x2cm<\/p>\n","protected":false},"excerpt":{"rendered":"<p><strong>SHORT DE FUTBOL FEMENINO<\/strong><br \/>Celeste Napoli-Lycra-Dry FIt-Confort<\/p>\n","protected":false},"featured_media":2999,"comment_status":"open","ping_status":"closed","template":"","meta":{"om_disable_all_campaigns":false,"_monsterinsights_skip_tracking":false,"_monsterinsights_sitenote_active":false,"_monsterinsights_sitenote_note":"","_monsterinsights_sitenote_category":0,"_uf_show_specific_survey":0,"_uf_disable_surveys":false,"_kad_post_transparent":"","_kad_post_title":"","_kad_post_layout":"","_kad_post_sidebar_id":"","_kad_post_content_style":"","_kad_post_vertical_padding":"","_kad_post_feature":"","_kad_post_feature_position":"","_kad_post_header":false,"_kad_post_footer":false},"product_brand":[],"product_cat":[97,304,302,55,53,52,228,51],"product_tag":[43,40,168,65,41,39,73,64,74,133,139],"class_list":{"0":"post-2614","1":"product","2":"type-product","3":"status-publish","4":"has-post-thumbnail","6":"product_cat-short","7":"product_cat-304","8":"product_cat-colecciones-de-futbol","9":"product_cat-futbol","10":"product_cat-indumentaria","11":"product_cat-producto","12":"product_cat-short-deportiva","13":"product_cat-universo-d10s","14":"product_tag-coleccion-1984","15":"product_tag-deporte","16":"product_tag-deportiva","17":"product_tag-entrenamiento","18":"product_tag-futbol","19":"product_tag-indumentaria","20":"product_tag-maradona","21":"product_tag-mujer","22":"product_tag-napoli","23":"product_tag-pantalon","24":"product_tag-short","26":"first","27":"instock","28":"sale","29":"taxable","30":"shipping-taxable","31":"purchasable","32":"product-type-variable","33":"entry","34":"content-bg","35":"loop-entry"},"aioseo_notices":[],"_links":{"self":[{"href":"https:\/\/themaradonastore.com\/index.php?rest_route=\/wp\/v2\/product\/2614","targetHints":{"allow":["GET"]}}],"collection":[{"href":"https:\/\/themaradonastore.com\/index.php?rest_route=\/wp\/v2\/product"}],"about":[{"href":"https:\/\/themaradonastore.com\/index.php?rest_route=\/wp\/v2\/types\/product"}],"replies":[{"embeddable":true,"href":"https:\/\/themaradonastore.com\/index.php?rest_route=%2Fwp%2Fv2%2Fcomments&post=2614"}],"wp:featuredmedia":[{"embeddable":true,"href":"https:\/\/themaradonastore.com\/index.php?rest_route=\/wp\/v2\/media\/2999"}],"wp:attachment":[{"href":"https:\/\/themaradonastore.com\/index.php?rest_route=%2Fwp%2Fv2%2Fmedia&parent=2614"}],"wp:term":[{"taxonomy":"product_brand","embeddable":true,"href":"https:\/\/themaradonastore.com\/index.php?rest_route=%2Fwp%2Fv2%2Fproduct_brand&post=2614"},{"taxonomy":"product_cat","embeddable":true,"href":"https:\/\/themaradonastore.com\/index.php?rest_route=%2Fwp%2Fv2%2Fproduct_cat&post=2614"},{"taxonomy":"product_tag","embeddable":true,"href":"https:\/\/themaradonastore.com\/index.php?rest_route=%2Fwp%2Fv2%2Fproduct_tag&post=2614"}],"curies":[{"name":"wp","href":"https:\/\/api.w.org\/{rel}","templated":true}]}}