{"id":3798,"date":"2025-02-06T11:37:37","date_gmt":"2025-02-06T11:37:37","guid":{"rendered":"https:\/\/themaradonastore.com\/?post_type=product&#038;p=3798"},"modified":"2025-10-01T02:08:31","modified_gmt":"2025-10-01T02:08:31","slug":"camiseta-de-futbol-coleccion-d10s-por-el-club-1986-argentina-maradona","status":"publish","type":"product","link":"https:\/\/themaradonastore.com\/?product=camiseta-de-futbol-coleccion-d10s-por-el-club-1986-argentina-maradona","title":{"rendered":"CAMISETA DE FUTBOL &#8211; COLECCION D10S POR El Club, Argentina &#8211; MARADONA"},"content":{"rendered":"<p>COLECCION D10S POR EL CLUB, Este dise\u00f1o esta inspirado en el equipo de Argentina Campe\u00f3n del 86, conmemorando el a\u00f1o que Diego logro consagrar a la argentina como campe\u00f3n mundial. En esta edici\u00f3n, podemos encontrar un modelo diferente que mantiene el esp\u00edritu del Diego en todo su esplendor, con su caracter\u00edstica cinta de capit\u00e1n, y detalles de la bandera argentina en cuello y mangas, asi como tambien, ahora las 3 estrellas.<\/p>\n<p>TEJDO EN COOL CON SPANDEX, Y DRY FIT, SON DE SECADO RAPIDO.<\/p>\n<p>Gran confort, respirable, regula la temperatura corporal, con laterales y espalda en Dry Fit al tono que aseguran que la prenda evapore la transpiraci\u00f3n con mayor facilidad dando una mejor sensaci\u00f3n de frescura.<\/p>\n<p>Cuellos y mangas tejidos en Ribb sintetico con los colores de la bandera de Italia.<\/p>\n<p>Propiedades: elasticidad y confort, no transparenta, Anti-Pilling, Resistencia y Adherencia.<\/p>\n<p>Selecciona tu talle revisando las m\u00e9tricas de la tabla de talles que figura en las im\u00e1genes<\/p>\n<p>CAMISETA DE CALIDAD INTERNACIONAL \u2013 HECHA EN ARGENTINA PARA EL MUNDO (COMO EL DIEGO)<\/p>\n<p>PRODUCTO OFICIAL \u2013 MARADONA OFFICIAL BRAND \u2013<\/p>\n","protected":false},"excerpt":{"rendered":"<p>TEJIDO EN COOL CON SPANDEX &#8211; SECADO RAPIDO<\/p>\n","protected":false},"featured_media":3799,"comment_status":"open","ping_status":"closed","template":"","meta":{"om_disable_all_campaigns":false,"_monsterinsights_skip_tracking":false,"_monsterinsights_sitenote_active":false,"_monsterinsights_sitenote_note":"","_monsterinsights_sitenote_category":0,"_uf_show_specific_survey":0,"_uf_disable_surveys":false,"_kad_post_transparent":"","_kad_post_title":"","_kad_post_layout":"","_kad_post_sidebar_id":"","_kad_post_content_style":"","_kad_post_vertical_padding":"","_kad_post_feature":"","_kad_post_feature_position":"","_kad_post_header":false,"_kad_post_footer":false},"product_brand":[],"product_cat":[62,302,306,55,53,52,51],"product_tag":[242,214,178,243,244,65,41,133,139],"class_list":{"0":"post-3798","1":"product","2":"type-product","3":"status-publish","4":"has-post-thumbnail","6":"product_cat-entrenamiento","7":"product_cat-colecciones-de-futbol","8":"product_cat-d10s-por-el-club","9":"product_cat-futbol","10":"product_cat-indumentaria","11":"product_cat-producto","12":"product_cat-universo-d10s","13":"product_tag-argentina","14":"product_tag-azul","15":"product_tag-blanco","16":"product_tag-coleccion","17":"product_tag-d10s-por-el-club","18":"product_tag-entrenamiento","19":"product_tag-futbol","20":"product_tag-pantalon","21":"product_tag-short","23":"first","24":"instock","25":"sale","26":"taxable","27":"shipping-taxable","28":"purchasable","29":"product-type-variable","30":"has-default-attributes","31":"entry","32":"content-bg","33":"loop-entry"},"aioseo_notices":[],"_links":{"self":[{"href":"https:\/\/themaradonastore.com\/index.php?rest_route=\/wp\/v2\/product\/3798","targetHints":{"allow":["GET"]}}],"collection":[{"href":"https:\/\/themaradonastore.com\/index.php?rest_route=\/wp\/v2\/product"}],"about":[{"href":"https:\/\/themaradonastore.com\/index.php?rest_route=\/wp\/v2\/types\/product"}],"replies":[{"embeddable":true,"href":"https:\/\/themaradonastore.com\/index.php?rest_route=%2Fwp%2Fv2%2Fcomments&post=3798"}],"wp:featuredmedia":[{"embeddable":true,"href":"https:\/\/themaradonastore.com\/index.php?rest_route=\/wp\/v2\/media\/3799"}],"wp:attachment":[{"href":"https:\/\/themaradonastore.com\/index.php?rest_route=%2Fwp%2Fv2%2Fmedia&parent=3798"}],"wp:term":[{"taxonomy":"product_brand","embeddable":true,"href":"https:\/\/themaradonastore.com\/index.php?rest_route=%2Fwp%2Fv2%2Fproduct_brand&post=3798"},{"taxonomy":"product_cat","embeddable":true,"href":"https:\/\/themaradonastore.com\/index.php?rest_route=%2Fwp%2Fv2%2Fproduct_cat&post=3798"},{"taxonomy":"product_tag","embeddable":true,"href":"https:\/\/themaradonastore.com\/index.php?rest_route=%2Fwp%2Fv2%2Fproduct_tag&post=3798"}],"curies":[{"name":"wp","href":"https:\/\/api.w.org\/{rel}","templated":true}]}}