{"id":3856,"date":"2025-02-06T12:18:34","date_gmt":"2025-02-06T12:18:34","guid":{"rendered":"https:\/\/themaradonastore.com\/?post_type=product&#038;p=3856"},"modified":"2025-05-15T12:40:59","modified_gmt":"2025-05-15T12:40:59","slug":"short-futbol-coleccion-d10s-por-el-club-argentina-maradona","status":"publish","type":"product","link":"https:\/\/themaradonastore.com\/?product=short-futbol-coleccion-d10s-por-el-club-argentina-maradona","title":{"rendered":"SHORT FUTBOL COLECCION D10S POR El Club, Argentina &#8211; MARADONA"},"content":{"rendered":"<p>COLECCION D10S POR EL CLUB, Este dise\u00f1o esta inspirado en el equipo Campe\u00f3n del 86, conmemorando el a\u00f1o que Diego brillo en el mundial, y consagro a la Argentina Campeona Mundial. En esta edici\u00f3n, podemos encontrar un modelo diferente que mantiene el esp\u00edritu del Diego en todo su esplendor, en color mayoritariamente azul, con el dry fit en celeste y blanco, y obviamente, nuestra tres estrellas<br \/>TELA COOL CON SPANDEX + DRY FIT<br \/>Gran confort, respirable, regula la temperatura corporal, con laterales en Dry Fit al tono que aseguran que la prenda evapore la transpiraci\u00f3n con mayor facilidad dando una mejor sensaci\u00f3n de frescura.<br \/>Propiedades: elasticidad y confort, no transparenta, Anti-Pilling, Resistencia y Adherencia.<br \/>Selecciona tu talle revisando las m\u00e9tricas de la tabla de talles que figura en las im\u00e1genes<br \/>SHORT DE CALIDAD INTERNACIONAL \u2013 HECHA EN ARGENTINA PARA EL MUNDO (COMO EL DIEGO)<br \/>PRODUCTO OFICIAL \u2013 MARADONA OFFICIAL BRAND<\/p>\n","protected":false},"excerpt":{"rendered":"<p>TEJIDO COOL CON SPANDEX + DRY FIT <\/p>\n","protected":false},"featured_media":3858,"comment_status":"open","ping_status":"closed","template":"","meta":{"om_disable_all_campaigns":false,"_monsterinsights_skip_tracking":false,"_monsterinsights_sitenote_active":false,"_monsterinsights_sitenote_note":"","_monsterinsights_sitenote_category":0,"_uf_show_specific_survey":0,"_uf_disable_surveys":false,"_kad_post_transparent":"","_kad_post_title":"","_kad_post_layout":"","_kad_post_sidebar_id":"","_kad_post_content_style":"","_kad_post_vertical_padding":"","_kad_post_feature":"","_kad_post_feature_position":"","_kad_post_header":false,"_kad_post_footer":false},"product_brand":[],"product_cat":[62,97,302,306,55,53,52,228,51],"product_tag":[242,214,178,42,243,244,65,41,134],"class_list":{"0":"post-3856","1":"product","2":"type-product","3":"status-publish","4":"has-post-thumbnail","6":"product_cat-entrenamiento","7":"product_cat-short","8":"product_cat-colecciones-de-futbol","9":"product_cat-d10s-por-el-club","10":"product_cat-futbol","11":"product_cat-indumentaria","12":"product_cat-producto","13":"product_cat-short-deportiva","14":"product_cat-universo-d10s","15":"product_tag-argentina","16":"product_tag-azul","17":"product_tag-blanco","18":"product_tag-camiseta","19":"product_tag-coleccion","20":"product_tag-d10s-por-el-club","21":"product_tag-entrenamiento","22":"product_tag-futbol","23":"product_tag-remera","25":"first","26":"instock","27":"sale","28":"taxable","29":"shipping-taxable","30":"purchasable","31":"product-type-variable","32":"has-default-attributes","33":"entry","34":"content-bg","35":"loop-entry"},"aioseo_notices":[],"_links":{"self":[{"href":"https:\/\/themaradonastore.com\/index.php?rest_route=\/wp\/v2\/product\/3856","targetHints":{"allow":["GET"]}}],"collection":[{"href":"https:\/\/themaradonastore.com\/index.php?rest_route=\/wp\/v2\/product"}],"about":[{"href":"https:\/\/themaradonastore.com\/index.php?rest_route=\/wp\/v2\/types\/product"}],"replies":[{"embeddable":true,"href":"https:\/\/themaradonastore.com\/index.php?rest_route=%2Fwp%2Fv2%2Fcomments&post=3856"}],"wp:featuredmedia":[{"embeddable":true,"href":"https:\/\/themaradonastore.com\/index.php?rest_route=\/wp\/v2\/media\/3858"}],"wp:attachment":[{"href":"https:\/\/themaradonastore.com\/index.php?rest_route=%2Fwp%2Fv2%2Fmedia&parent=3856"}],"wp:term":[{"taxonomy":"product_brand","embeddable":true,"href":"https:\/\/themaradonastore.com\/index.php?rest_route=%2Fwp%2Fv2%2Fproduct_brand&post=3856"},{"taxonomy":"product_cat","embeddable":true,"href":"https:\/\/themaradonastore.com\/index.php?rest_route=%2Fwp%2Fv2%2Fproduct_cat&post=3856"},{"taxonomy":"product_tag","embeddable":true,"href":"https:\/\/themaradonastore.com\/index.php?rest_route=%2Fwp%2Fv2%2Fproduct_tag&post=3856"}],"curies":[{"name":"wp","href":"https:\/\/api.w.org\/{rel}","templated":true}]}}