{"id":3934,"date":"2025-02-06T15:04:24","date_gmt":"2025-02-06T15:04:24","guid":{"rendered":"https:\/\/themaradonastore.com\/?post_type=product&#038;p=3934"},"modified":"2025-05-15T12:58:24","modified_gmt":"2025-05-15T12:58:24","slug":"buzo-friza-coleccion-d10s-por-el-club-agentina-maradona","status":"publish","type":"product","link":"https:\/\/themaradonastore.com\/?product=buzo-friza-coleccion-d10s-por-el-club-agentina-maradona","title":{"rendered":"BUZO FRIZA COLECCION D10S POR EL Club, Agentina &#8211; MARADONA"},"content":{"rendered":"<p>COLECCION D10S POR EL CLUB, Este dise\u00f1o esta inspirado en ARGENTINA, Campe\u00f3n del 86, a\u00f1o que Diego aterriz\u00f3 en la selecci\u00f3n, y se consagro campe\u00f3n mundial. En esta edici\u00f3n, podemos encontrar un modelo diferente que mantiene el esp\u00edritu del Diego en todo su esplendor, con su caracter\u00edstica firma y detalles de la bandera argentina en laterales.<\/p>\n<p>TELA DE BUZO DEPORTIVO CON FRIZA Y SPANDEX<\/p>\n<p>Selecciona tu talle revisando las m\u00e9tricas de la tabla de talles que figura en las im\u00e1genes<\/p>\n<p>BUZO DE CALIDAD INTERNACIONAL \u2013 HECHA EN ARGENTINA PARA EL MUNDO (COMO EL DIEGO)<br \/>PRODUCTO OFICIAL \u2013 MARADONA OFFICIAL BRAND<\/p>\n","protected":false},"excerpt":{"rendered":"<p>TELA DE BUZO DEPORTIVO CON FRIZA Y SPANDEX<\/p>\n","protected":false},"featured_media":3935,"comment_status":"open","ping_status":"closed","template":"","meta":{"om_disable_all_campaigns":false,"_monsterinsights_skip_tracking":false,"_monsterinsights_sitenote_active":false,"_monsterinsights_sitenote_note":"","_monsterinsights_sitenote_category":0,"_uf_show_specific_survey":0,"_uf_disable_surveys":false,"_kad_post_transparent":"","_kad_post_title":"","_kad_post_layout":"","_kad_post_sidebar_id":"","_kad_post_content_style":"","_kad_post_vertical_padding":"","_kad_post_feature":"","_kad_post_feature_position":"","_kad_post_header":false,"_kad_post_footer":false},"product_brand":[],"product_cat":[62,61,302,306,55,53,52,51],"product_tag":[242,162,243,244,41,247,154,60],"class_list":{"0":"post-3934","1":"product","2":"type-product","3":"status-publish","4":"has-post-thumbnail","6":"product_cat-entrenamiento","7":"product_cat-urbana","8":"product_cat-colecciones-de-futbol","9":"product_cat-d10s-por-el-club","10":"product_cat-futbol","11":"product_cat-indumentaria","12":"product_cat-producto","13":"product_cat-universo-d10s","14":"product_tag-argentina","15":"product_tag-buzo","16":"product_tag-coleccion","17":"product_tag-d10s-por-el-club","18":"product_tag-futbol","19":"product_tag-manga-larga","20":"product_tag-urbana","21":"product_tag-urbano","23":"first","24":"instock","25":"sale","26":"taxable","27":"shipping-taxable","28":"purchasable","29":"product-type-variable","30":"has-default-attributes","31":"entry","32":"content-bg","33":"loop-entry"},"aioseo_notices":[],"_links":{"self":[{"href":"https:\/\/themaradonastore.com\/index.php?rest_route=\/wp\/v2\/product\/3934","targetHints":{"allow":["GET"]}}],"collection":[{"href":"https:\/\/themaradonastore.com\/index.php?rest_route=\/wp\/v2\/product"}],"about":[{"href":"https:\/\/themaradonastore.com\/index.php?rest_route=\/wp\/v2\/types\/product"}],"replies":[{"embeddable":true,"href":"https:\/\/themaradonastore.com\/index.php?rest_route=%2Fwp%2Fv2%2Fcomments&post=3934"}],"wp:featuredmedia":[{"embeddable":true,"href":"https:\/\/themaradonastore.com\/index.php?rest_route=\/wp\/v2\/media\/3935"}],"wp:attachment":[{"href":"https:\/\/themaradonastore.com\/index.php?rest_route=%2Fwp%2Fv2%2Fmedia&parent=3934"}],"wp:term":[{"taxonomy":"product_brand","embeddable":true,"href":"https:\/\/themaradonastore.com\/index.php?rest_route=%2Fwp%2Fv2%2Fproduct_brand&post=3934"},{"taxonomy":"product_cat","embeddable":true,"href":"https:\/\/themaradonastore.com\/index.php?rest_route=%2Fwp%2Fv2%2Fproduct_cat&post=3934"},{"taxonomy":"product_tag","embeddable":true,"href":"https:\/\/themaradonastore.com\/index.php?rest_route=%2Fwp%2Fv2%2Fproduct_tag&post=3934"}],"curies":[{"name":"wp","href":"https:\/\/api.w.org\/{rel}","templated":true}]}}