{"id":4060,"date":"2025-02-06T17:52:18","date_gmt":"2025-02-06T17:52:18","guid":{"rendered":"https:\/\/themaradonastore.com\/?post_type=product&#038;p=4060"},"modified":"2025-05-15T13:19:19","modified_gmt":"2025-05-15T13:19:19","slug":"botin-de-futbol-coleccion-d10s-en-los-estadios-camp-nou-maradona","status":"publish","type":"product","link":"https:\/\/themaradonastore.com\/?product=botin-de-futbol-coleccion-d10s-en-los-estadios-camp-nou-maradona","title":{"rendered":"BOTIN DE FUTBOL COLECCION D10S EN LOS ESTADIOS Camp Nou &#8211; MARADONA"},"content":{"rendered":"<p>Dise\u00f1o conmemorativo que rinde homenaje a su paso por el FC Barcelona, donde  brillo como siempre en el estadio Camp Nouco durante un corto periodo de 1982 al 1984, otro estadio que recibio parte de la magia del D10s. Con tapones bajos especiales para c\u00e9sped sint\u00e9tico, de color Rojo.<\/p>\n<p>Anti torsi\u00f3n(evita esguinces)-Plantilla Confort-Capellada y Tal\u00f3n con espuma alto impacto (28kg)<br \/>BOTIN de Capell sint\u00e9tico (PVC)impermeable con cord\u00f3n de poli\u00e9ster y tejido tubular. Posee refuerzo interno de cordoneras en PU con un forro de tejido PIQUE con espuma absorbente de humedad con densidad de 18kg.<\/p>\n<p>La capellada y el tal\u00f3n con espuma de alto impacto con densidad de 28kg, plantilla de armado de torsi\u00f3n evita los esguinces y las plantillas de de vista con calce en Goma Eva bordeada en pique antideslizante termo conformada en tal\u00f3n y arco del pie, brinda mucho mas confort.<\/p>\n<p>El bot\u00edn permite reiterados lavados sin perder las propiedades in\u00edciales.<br \/>Su suela es en TRV de 65 short de dureza, y flexibilidad de 70% de torsi\u00f3n, con memoria.<\/p>\n<p>BOTIN DE CALIDAD INTERNACIONAL \u2013 HECHO EN ARGENTINA PARA EL MUNDO (COMO EL DIEGO)<br \/>PRODUCTO OFICIAL \u2013 MARADONA OFFICIAL BRAND \u2013 <\/p>\n","protected":false},"excerpt":{"rendered":"<p>Anti torsi\u00f3n(evita esguinces)-Plantilla Confort-Capellada y Tal\u00f3n con espuma alto impacto (28kg)<\/p>\n","protected":false},"featured_media":4071,"comment_status":"open","ping_status":"closed","template":"","meta":{"om_disable_all_campaigns":false,"_monsterinsights_skip_tracking":false,"_monsterinsights_sitenote_active":false,"_monsterinsights_sitenote_note":"","_monsterinsights_sitenote_category":0,"_uf_show_specific_survey":0,"_uf_disable_surveys":false,"_kad_post_transparent":"","_kad_post_title":"","_kad_post_layout":"","_kad_post_sidebar_id":"","_kad_post_content_style":"","_kad_post_vertical_padding":"","_kad_post_feature":"","_kad_post_feature_position":"","_kad_post_header":false,"_kad_post_footer":false},"product_brand":[],"product_cat":[230,302,305,55,53,52,51],"product_tag":[171,172,257,252,41,258],"class_list":{"0":"post-4060","1":"product","2":"type-product","3":"status-publish","4":"has-post-thumbnail","6":"product_cat-botines","7":"product_cat-colecciones-de-futbol","8":"product_cat-d10s-por-los-estadios","9":"product_cat-futbol","10":"product_cat-indumentaria","11":"product_cat-producto","12":"product_cat-universo-d10s","13":"product_tag-botin","14":"product_tag-calzado","15":"product_tag-camp-nou","16":"product_tag-d10s","17":"product_tag-futbol","18":"product_tag-rojo","20":"first","21":"instock","22":"sale","23":"taxable","24":"shipping-taxable","25":"purchasable","26":"product-type-variable","27":"has-default-attributes","28":"entry","29":"content-bg","30":"loop-entry"},"aioseo_notices":[],"_links":{"self":[{"href":"https:\/\/themaradonastore.com\/index.php?rest_route=\/wp\/v2\/product\/4060","targetHints":{"allow":["GET"]}}],"collection":[{"href":"https:\/\/themaradonastore.com\/index.php?rest_route=\/wp\/v2\/product"}],"about":[{"href":"https:\/\/themaradonastore.com\/index.php?rest_route=\/wp\/v2\/types\/product"}],"replies":[{"embeddable":true,"href":"https:\/\/themaradonastore.com\/index.php?rest_route=%2Fwp%2Fv2%2Fcomments&post=4060"}],"wp:featuredmedia":[{"embeddable":true,"href":"https:\/\/themaradonastore.com\/index.php?rest_route=\/wp\/v2\/media\/4071"}],"wp:attachment":[{"href":"https:\/\/themaradonastore.com\/index.php?rest_route=%2Fwp%2Fv2%2Fmedia&parent=4060"}],"wp:term":[{"taxonomy":"product_brand","embeddable":true,"href":"https:\/\/themaradonastore.com\/index.php?rest_route=%2Fwp%2Fv2%2Fproduct_brand&post=4060"},{"taxonomy":"product_cat","embeddable":true,"href":"https:\/\/themaradonastore.com\/index.php?rest_route=%2Fwp%2Fv2%2Fproduct_cat&post=4060"},{"taxonomy":"product_tag","embeddable":true,"href":"https:\/\/themaradonastore.com\/index.php?rest_route=%2Fwp%2Fv2%2Fproduct_tag&post=4060"}],"curies":[{"name":"wp","href":"https:\/\/api.w.org\/{rel}","templated":true}]}}