{"id":4098,"date":"2025-02-06T18:28:34","date_gmt":"2025-02-06T18:28:34","guid":{"rendered":"https:\/\/themaradonastore.com\/?post_type=product&#038;p=4098"},"modified":"2025-06-13T13:47:25","modified_gmt":"2025-06-13T13:47:25","slug":"tabla-de-picar-maradona-grabadas-en-madera-lenga","status":"publish","type":"product","link":"https:\/\/themaradonastore.com\/?product=tabla-de-picar-maradona-grabadas-en-madera-lenga","title":{"rendered":"TABLA DE PICAR GRABADAS Madera Lenga &#8211; MARADONA"},"content":{"rendered":"<p>Tablas de Madera de Lenga Patag\u00f3nica Oficiales de Maradona<\/p>\n<p>Caracter\u00edsticas Destacadas:<br \/>Material Premium Madera de lenga patag\u00f3nica de alta calidad, tan resistente como la zurda del Diego.<\/p>\n<p>Tama\u00f1o Vers\u00e1til: Disponible mediana en 28&#215;50 y un grosor de 1 1\/2 pulgada y opci\u00f3n chica en 24&#215;40 cm, ideales para cualquier jugada en la cocina.<\/p>\n<p>Dise\u00f1o Ergon\u00f3mico: Ranuras para un mejor agarre, como los piques del Diego entre defensas rivales.<\/p>\n<p>Grabados Exclusivos: Incluye el D10S M10, frases ic\u00f3nicas y logos oficiales de Maradona, recordando sus momentos m\u00e1s gloriosos.<\/p>\n<p>Estas tablas no solo son pr\u00e1cticas para tu cocina, sino que llevan el esp\u00edritu indomable del m\u00e1s grande futbolista de todos los tiempos. Perfectas para cortar, servir y mostrar con orgullo.<\/p>\n<p>\u00a1No te pierdas la oportunidad de tener estas tablas exclusivas de la marca oficial de Maradona en tu colecci\u00f3n!<\/p>\n<p>Una vez en tu colecci\u00f3n, ten en cuenta esto:<\/p>\n<p>\u00bfC\u00f3mo cuidar tus tablas?<br \/>Curado inicial: Aplic\u00e1 una capa delgada de aceite (pod\u00e9s usar aceite de ma\u00edz, girasol, oliva, lino o una mezcla) en toda la superficie de la tabla. Usa un trapo para evitar aplicar en exceso.<\/p>\n<p>Repetir el proceso: Realiz\u00e1 esto 2 o 3 veces, permitiendo que la tabla se seque completamente entre aplicaciones. Es mejor dejarla secar en un lugar alejado de la luz solar directa.<\/p>\n<p>Beneficios del aceite: El aceite penetra en las fibras de la madera, lo que ayuda a prevenir la acumulaci\u00f3n de bacterias al cortar alimentos jugosos.<\/p>\n<p>Limpieza diaria: Lav\u00e1 la tabla con agua despu\u00e9s de cada uso. Evit\u00e1 sumergirla en agua por largos per\u00edodos.<\/p>\n<p>Mantenimiento: Repet\u00ed el proceso de curado cada 6 meses o cuando lo consideres necesario.<\/p>\n<p>MARADONA OFFICIAL BRAND<\/p>\n","protected":false},"excerpt":{"rendered":"<p>MADERA LENGA &#8211; DISTINTOS MODELOS GRABADOS &#8211; DOS TAMA\u00d1OS DISPONIBLES<\/p>\n","protected":false},"featured_media":4104,"comment_status":"open","ping_status":"closed","template":"","meta":{"om_disable_all_campaigns":false,"_monsterinsights_skip_tracking":false,"_monsterinsights_sitenote_active":false,"_monsterinsights_sitenote_note":"","_monsterinsights_sitenote_category":0,"_uf_show_specific_survey":0,"_uf_disable_surveys":false,"_kad_post_transparent":"","_kad_post_title":"","_kad_post_layout":"","_kad_post_sidebar_id":"","_kad_post_content_style":"","_kad_post_vertical_padding":"","_kad_post_feature":"","_kad_post_feature_position":"","_kad_post_header":false,"_kad_post_footer":false},"product_brand":[],"product_cat":[233,52,51],"product_tag":[273,272,271,270,276,275,274,269],"class_list":{"0":"post-4098","1":"product","2":"type-product","3":"status-publish","4":"has-post-thumbnail","6":"product_cat-argentinidad","7":"product_cat-producto","8":"product_cat-universo-d10s","9":"product_tag-grabada","10":"product_tag-grabado","11":"product_tag-madera","12":"product_tag-madera-lenga","13":"product_tag-mano-de-dios","14":"product_tag-no-se-mancha","15":"product_tag-siempre-al-10","16":"product_tag-tabla","18":"first","19":"instock","20":"sale","21":"taxable","22":"shipping-taxable","23":"purchasable","24":"product-type-variable","25":"has-default-attributes","26":"entry","27":"content-bg","28":"loop-entry"},"aioseo_notices":[],"_links":{"self":[{"href":"https:\/\/themaradonastore.com\/index.php?rest_route=\/wp\/v2\/product\/4098","targetHints":{"allow":["GET"]}}],"collection":[{"href":"https:\/\/themaradonastore.com\/index.php?rest_route=\/wp\/v2\/product"}],"about":[{"href":"https:\/\/themaradonastore.com\/index.php?rest_route=\/wp\/v2\/types\/product"}],"replies":[{"embeddable":true,"href":"https:\/\/themaradonastore.com\/index.php?rest_route=%2Fwp%2Fv2%2Fcomments&post=4098"}],"wp:featuredmedia":[{"embeddable":true,"href":"https:\/\/themaradonastore.com\/index.php?rest_route=\/wp\/v2\/media\/4104"}],"wp:attachment":[{"href":"https:\/\/themaradonastore.com\/index.php?rest_route=%2Fwp%2Fv2%2Fmedia&parent=4098"}],"wp:term":[{"taxonomy":"product_brand","embeddable":true,"href":"https:\/\/themaradonastore.com\/index.php?rest_route=%2Fwp%2Fv2%2Fproduct_brand&post=4098"},{"taxonomy":"product_cat","embeddable":true,"href":"https:\/\/themaradonastore.com\/index.php?rest_route=%2Fwp%2Fv2%2Fproduct_cat&post=4098"},{"taxonomy":"product_tag","embeddable":true,"href":"https:\/\/themaradonastore.com\/index.php?rest_route=%2Fwp%2Fv2%2Fproduct_tag&post=4098"}],"curies":[{"name":"wp","href":"https:\/\/api.w.org\/{rel}","templated":true}]}}