{"id":4129,"date":"2025-02-06T19:42:31","date_gmt":"2025-02-06T19:42:31","guid":{"rendered":"https:\/\/themaradonastore.com\/?post_type=product&#038;p=4129"},"modified":"2025-03-07T20:51:25","modified_gmt":"2025-03-07T20:51:25","slug":"mate-en-madera-calden-con-bombilla-maradona","status":"publish","type":"product","link":"https:\/\/themaradonastore.com\/?product=mate-en-madera-calden-con-bombilla-maradona","title":{"rendered":"MATE EN MADERA CALDEN CON BOMBILLA &#8211; MARADONA"},"content":{"rendered":"<p>Mate de Madera Calden Oficial de Maradona<\/p>\n<p>Mate de Madera Calden de tama\u00f1o chico y c\u00f3modo, perfecto para tus momentos de relax. Este mate lleva la marca oficial de Maradona, con el D10S M10 y tres tipos de logo en el lado contrario del mate. <\/p>\n<p>Incluye una bombilla de 14 cm de largo en bronce niquelado, grabada con el logo y las 3 estrellas.<\/p>\n<p>Caracter\u00edsticas Destacadas:<br \/>Material Premium: Hecho de madera calden de alta calidad.<br \/>Dise\u00f1o Exclusivo: Tres variantes de grabados todas, incluyendo el D10S M10.<br \/>Bombilla de Bronce Niquelado: De 14 cm de largo, incluida en el set.<br \/>Tama\u00f1o Compacto: C\u00f3modo y f\u00e1cil de manejar.<br \/>E<br \/>ste mate no solo es una herramienta esencial para los amantes del mate, sino tambi\u00e9n una pieza de colecci\u00f3n \u00fanica que rinde homenaje a la leyenda del f\u00fatbol.<\/p>\n<p>\u00a1No te pierdas la oportunidad de tener este mate exclusivo de la marca oficial de Maradona en tu colecci\u00f3n!<\/p>\n<p>Una vez en tu colecci\u00f3n, ten en cuenta esto:<\/p>\n<p>\u00bfC\u00f3mo curar y cuidar tus mates?<\/p>\n<p>Curado del mate<br \/>Enmantecado: Aplic\u00e1 una capa delgada de manteca en el interior de la calabaza (o del mate de madera) y dejalo reposar durante 2 horas.<\/p>\n<p>Yerba h\u00fameda: Llen\u00e1 el mate con yerba h\u00fameda (puede ser yerba utilizada) y dejalo reposar durante toda la noche o hasta un d\u00eda completo.<\/p>\n<p>Raspado: Con una cuchara, rasp\u00e1 suavemente el interior de la calabaza (o del mate de madera) para eliminar cualquier impureza.<\/p>\n<p>Limpieza final: Limpi\u00e1 y enjuag\u00e1 el mate con un poco de agua. Asegurate de secarlo bien antes de usarlo. <\/p>\n<p>\u00a1Listo! Ahora tu mate est\u00e1 preparado para disfrutar.<\/p>\n<p>Cuidados posteriores<br \/>Limpieza despu\u00e9s de cada uso: Enjuag\u00e1 el mate con poca agua tibia y s\u00e9calo al aire. Evit\u00e1 usar detergentes o jabones, ya que pueden alterar el sabor de la yerba.<\/p>\n<p>Evit\u00e1 la humedad: No dejes el mate en lugares h\u00famedos para prevenir el crecimiento de moho.<\/p>\n<p>Almacenamiento: Guard\u00e1 tu mate en un lugar seco y ventilado. Si usas un mate de calabaza, evit\u00e1 la exposici\u00f3n\u00a0directa\u00a0al\u00a0sol.<\/p>\n<p>MARADONA OFFICIAL BRAND<\/p>\n","protected":false},"excerpt":{"rendered":"<p>TAMA\u00d1O CHICO  &#8211; TRES TIPOS DE GRABADOS &#8211; BOMBILLA NIQUELADA<\/p>\n","protected":false},"featured_media":4135,"comment_status":"open","ping_status":"closed","template":"","meta":{"om_disable_all_campaigns":false,"_monsterinsights_skip_tracking":false,"_monsterinsights_sitenote_active":false,"_monsterinsights_sitenote_note":"","_monsterinsights_sitenote_category":0,"_uf_show_specific_survey":0,"_uf_disable_surveys":false,"_kad_post_transparent":"","_kad_post_title":"","_kad_post_layout":"","_kad_post_sidebar_id":"","_kad_post_content_style":"","_kad_post_vertical_padding":"","_kad_post_feature":"","_kad_post_feature_position":"","_kad_post_header":false,"_kad_post_footer":false},"product_brand":[],"product_cat":[233,52,51],"product_tag":[284,280,281,282,283,285,271,279],"class_list":{"0":"post-4129","1":"product","2":"type-product","3":"status-publish","4":"has-post-thumbnail","6":"product_cat-argentinidad","7":"product_cat-producto","8":"product_cat-universo-d10s","9":"product_tag-amor-por-la-pelota","10":"product_tag-bombilla","11":"product_tag-calden","12":"product_tag-grabados","13":"product_tag-la-firma-de-d10s","14":"product_tag-la-mano-de-dios","15":"product_tag-madera","16":"product_tag-mate","18":"first","19":"instock","20":"sale","21":"taxable","22":"shipping-taxable","23":"purchasable","24":"product-type-variable","25":"has-default-attributes","26":"entry","27":"content-bg","28":"loop-entry"},"aioseo_notices":[],"_links":{"self":[{"href":"https:\/\/themaradonastore.com\/index.php?rest_route=\/wp\/v2\/product\/4129","targetHints":{"allow":["GET"]}}],"collection":[{"href":"https:\/\/themaradonastore.com\/index.php?rest_route=\/wp\/v2\/product"}],"about":[{"href":"https:\/\/themaradonastore.com\/index.php?rest_route=\/wp\/v2\/types\/product"}],"replies":[{"embeddable":true,"href":"https:\/\/themaradonastore.com\/index.php?rest_route=%2Fwp%2Fv2%2Fcomments&post=4129"}],"wp:featuredmedia":[{"embeddable":true,"href":"https:\/\/themaradonastore.com\/index.php?rest_route=\/wp\/v2\/media\/4135"}],"wp:attachment":[{"href":"https:\/\/themaradonastore.com\/index.php?rest_route=%2Fwp%2Fv2%2Fmedia&parent=4129"}],"wp:term":[{"taxonomy":"product_brand","embeddable":true,"href":"https:\/\/themaradonastore.com\/index.php?rest_route=%2Fwp%2Fv2%2Fproduct_brand&post=4129"},{"taxonomy":"product_cat","embeddable":true,"href":"https:\/\/themaradonastore.com\/index.php?rest_route=%2Fwp%2Fv2%2Fproduct_cat&post=4129"},{"taxonomy":"product_tag","embeddable":true,"href":"https:\/\/themaradonastore.com\/index.php?rest_route=%2Fwp%2Fv2%2Fproduct_tag&post=4129"}],"curies":[{"name":"wp","href":"https:\/\/api.w.org\/{rel}","templated":true}]}}